{"id":3000,"date":"2023-10-13T10:00:16","date_gmt":"2023-10-13T10:00:16","guid":{"rendered":"https:\/\/ktspeople.com\/?page_id=3000"},"modified":"2023-11-23T13:28:28","modified_gmt":"2023-11-23T13:28:28","slug":"komplettloesungen","status":"publish","type":"page","link":"https:\/\/ktspeople.com\/de\/komplettloesungen\/","title":{"rendered":"Komplettl\u00f6sungen"},"content":{"rendered":"\t\t<div data-elementor-type=\"wp-page\" data-elementor-id=\"3000\" class=\"elementor elementor-3000 elementor-318\" data-elementor-post-type=\"page\">\n\t\t\t\t<div class=\"elementor-element elementor-element-b9cc474 e-flex e-con-boxed e-con e-parent\" data-id=\"b9cc474\" data-element_type=\"container\" data-e-type=\"container\">\n\t\t\t\t\t<div class=\"e-con-inner\">\n\t\t\t\t<div class=\"elementor-element elementor-element-5830ae5 elementor-widget elementor-widget-heading\" data-id=\"5830ae5\" data-element_type=\"widget\" data-e-type=\"widget\" data-widget_type=\"heading.default\">\n\t\t\t\t<div class=\"elementor-widget-container\">\n\t\t\t\t\t<h1 class=\"elementor-heading-title elementor-size-default\">Komplettl\u00f6sungen<\/h1>\t\t\t\t<\/div>\n\t\t\t\t<\/div>\n\t\t\t\t<div class=\"elementor-element elementor-element-ef9e401 elementor-widget elementor-widget-text-editor\" data-id=\"ef9e401\" data-element_type=\"widget\" data-e-type=\"widget\" data-widget_type=\"text-editor.default\">\n\t\t\t\t<div class=\"elementor-widget-container\">\n\t\t\t\t\t\t\t\t\t<p>Wir bieten Komplettl\u00f6sungen in verschiedenen Bereichen des Bauwesens, der Industrie und der Elektronik an. Unser Team besteht aus Fachleuten in Ihren Bereichen und Produktionseinheiten mit ausgezeichneten F\u00e4higkeiten, die bereit sind, die Anforderungen Ihres Projekts in vollem Umfang zu erf\u00fcllen. F\u00fcr detailliertere Informationen w\u00e4hlen Sie den Bereich, der f\u00fcr Sie interessant ist und senden Sie uns eine Anfrage.<\/p>\n\t\t\t\t\t\t\t\t<\/div>\n\t\t\t\t<\/div>\n\t\t\t\t<div class=\"elementor-element elementor-element-b57cae0 elementor-grid-4 elementor-posts--thumbnail-top elementor-grid-tablet-2 elementor-grid-mobile-1 elementor-widget elementor-widget-posts\" data-id=\"b57cae0\" data-element_type=\"widget\" data-e-type=\"widget\" data-settings=\"{&quot;custom_columns&quot;:&quot;4&quot;,&quot;custom_columns_tablet&quot;:&quot;2&quot;,&quot;custom_columns_mobile&quot;:&quot;1&quot;,&quot;custom_row_gap&quot;:{&quot;unit&quot;:&quot;px&quot;,&quot;size&quot;:35,&quot;sizes&quot;:[]},&quot;custom_row_gap_tablet&quot;:{&quot;unit&quot;:&quot;px&quot;,&quot;size&quot;:&quot;&quot;,&quot;sizes&quot;:[]},&quot;custom_row_gap_mobile&quot;:{&quot;unit&quot;:&quot;px&quot;,&quot;size&quot;:&quot;&quot;,&quot;sizes&quot;:[]}}\" data-widget_type=\"posts.custom\">\n\t\t\t\t<div class=\"elementor-widget-container\">\n\t\t\t\t\t      <div class=\"ecs-posts elementor-posts-container elementor-posts   elementor-grid elementor-posts--skin-custom\" data-settings=\"{&quot;current_page&quot;:1,&quot;max_num_pages&quot;:1,&quot;load_method&quot;:&quot;&quot;,&quot;widget_id&quot;:&quot;b57cae0&quot;,&quot;post_id&quot;:3000,&quot;theme_id&quot;:3000,&quot;change_url&quot;:false,&quot;reinit_js&quot;:false}\">\n      \t\t<article id=\"post-3003\" class=\"elementor-post elementor-grid-item ecs-post-loop post-3003 page type-page status-publish has-post-thumbnail hentry tag-metallarbeiten\">\n\t\t<div class=\"ecs-link-wrapper\" data-href=\"https:\/\/ktspeople.com\/de\/komplettloesungen\/metallarbeiten\/\"   >\t\t<div data-elementor-type=\"loop\" data-elementor-id=\"2676\" class=\"elementor elementor-2676 elementor-1009 elementor-1009 post-3003 page type-page status-publish has-post-thumbnail hentry tag-metallarbeiten\" data-elementor-post-type=\"elementor_library\">\n\t\t\t<style>#post-3003 .elementor-2676 .elementor-element.elementor-element-c1dbeab:not(.elementor-motion-effects-element-type-background), #post-3003 .elementor-2676 .elementor-element.elementor-element-c1dbeab > .elementor-motion-effects-container > .elementor-motion-effects-layer{background-image: url(\"https:\/\/i0.wp.com\/ktspeople.com\/wp-content\/uploads\/2023\/10\/metalworks1-scaled.jpg?fit=2560%2C1707&ssl=1\");}<\/style><div class=\"elementor-element elementor-element-c1dbeab e-transform e-flex e-con-boxed e-con e-parent\" data-id=\"c1dbeab\" data-element_type=\"container\" data-e-type=\"container\" data-settings=\"{&quot;background_background&quot;:&quot;classic&quot;,&quot;_transform_scale_effect_hover&quot;:{&quot;unit&quot;:&quot;px&quot;,&quot;size&quot;:0.9899999999999999911182158029987476766109466552734375,&quot;sizes&quot;:[]},&quot;_transform_scale_effect_hover_tablet&quot;:{&quot;unit&quot;:&quot;px&quot;,&quot;size&quot;:&quot;&quot;,&quot;sizes&quot;:[]},&quot;_transform_scale_effect_hover_mobile&quot;:{&quot;unit&quot;:&quot;px&quot;,&quot;size&quot;:&quot;&quot;,&quot;sizes&quot;:[]}}\">\n\t\t\t\t\t<div class=\"e-con-inner\">\n\t\t<div class=\"elementor-element elementor-element-abb8ddd e-flex e-con-boxed e-con e-child\" data-id=\"abb8ddd\" data-element_type=\"container\" data-e-type=\"container\" data-settings=\"{&quot;background_background&quot;:&quot;classic&quot;}\">\n\t\t\t\t\t<div class=\"e-con-inner\">\n\t\t\t\t<div class=\"elementor-element elementor-element-ad987d2 elementor-widget elementor-widget-image\" data-id=\"ad987d2\" data-element_type=\"widget\" data-e-type=\"widget\" data-widget_type=\"image.default\">\n\t\t\t\t<div class=\"elementor-widget-container\">\n\t\t\t\t\t\t\t\t\t\t\t\t\t\t\t<img decoding=\"async\" width=\"100\" height=\"100\" src=\"https:\/\/ktspeople.com\/wp-content\/uploads\/2023\/10\/metalworks_01.svg\" class=\"attachment-full size-full wp-image-2375\" alt=\"\" \/>\t\t\t\t\t\t\t\t\t\t\t\t\t\t\t<\/div>\n\t\t\t\t<\/div>\n\t\t<div class=\"elementor-element elementor-element-3755615 e-flex e-con-boxed e-con e-child\" data-id=\"3755615\" data-element_type=\"container\" data-e-type=\"container\">\n\t\t\t\t\t<div class=\"e-con-inner\">\n\t\t\t\t<div class=\"elementor-element elementor-element-92e40be elementor-widget elementor-widget-theme-post-title elementor-page-title elementor-widget-heading\" data-id=\"92e40be\" data-element_type=\"widget\" data-e-type=\"widget\" data-widget_type=\"theme-post-title.default\">\n\t\t\t\t<div class=\"elementor-widget-container\">\n\t\t\t\t\t<h1 class=\"elementor-heading-title elementor-size-default\">Metallarbeiten<\/h1>\t\t\t\t<\/div>\n\t\t\t\t<\/div>\n\t\t\t\t\t<\/div>\n\t\t\t\t<\/div>\n\t\t\t\t<div class=\"elementor-element elementor-element-a0484db elementor-align-center elementor-widget__width-initial e-transform elementor-widget elementor-widget-button\" data-id=\"a0484db\" data-element_type=\"widget\" data-e-type=\"widget\" data-settings=\"{&quot;_transform_scale_effect_hover&quot;:{&quot;unit&quot;:&quot;px&quot;,&quot;size&quot;:0.9499999999999999555910790149937383830547332763671875,&quot;sizes&quot;:[]},&quot;_transform_scale_effect_hover_tablet&quot;:{&quot;unit&quot;:&quot;px&quot;,&quot;size&quot;:&quot;&quot;,&quot;sizes&quot;:[]},&quot;_transform_scale_effect_hover_mobile&quot;:{&quot;unit&quot;:&quot;px&quot;,&quot;size&quot;:&quot;&quot;,&quot;sizes&quot;:[]}}\" data-widget_type=\"button.default\">\n\t\t\t\t<div class=\"elementor-widget-container\">\n\t\t\t\t\t\t\t\t\t<div class=\"elementor-button-wrapper\">\n\t\t\t\t\t<a class=\"elementor-button elementor-button-link elementor-size-sm\" href=\"https:\/\/ktspeople.com\/de\/komplettloesungen\/metallarbeiten\/\">\n\t\t\t\t\t\t<span class=\"elementor-button-content-wrapper\">\n\t\t\t\t\t\t\t\t\t<span class=\"elementor-button-text\">Anfrage senden \u2192<\/span>\n\t\t\t\t\t<\/span>\n\t\t\t\t\t<\/a>\n\t\t\t\t<\/div>\n\t\t\t\t\t\t\t\t<\/div>\n\t\t\t\t<\/div>\n\t\t\t\t\t<\/div>\n\t\t\t\t<\/div>\n\t\t\t\t\t<\/div>\n\t\t\t\t<\/div>\n\t\t\t\t<\/div>\n\t\t<\/div>\t\t<\/article>\n\t\t\t\t<article id=\"post-3006\" class=\"elementor-post elementor-grid-item ecs-post-loop post-3006 page type-page status-publish has-post-thumbnail hentry tag-elektrische-arbeiten\">\n\t\t<div class=\"ecs-link-wrapper\" data-href=\"https:\/\/ktspeople.com\/de\/komplettloesungen\/elektrische-arbeiten\/\"   >\t\t<div data-elementor-type=\"loop\" data-elementor-id=\"2676\" class=\"elementor elementor-2676 elementor-1009 elementor-1009 post-3006 page type-page status-publish has-post-thumbnail hentry tag-elektrische-arbeiten\" data-elementor-post-type=\"elementor_library\">\n\t\t\t<style>#post-3006 .elementor-2676 .elementor-element.elementor-element-c1dbeab:not(.elementor-motion-effects-element-type-background), #post-3006 .elementor-2676 .elementor-element.elementor-element-c1dbeab > .elementor-motion-effects-container > .elementor-motion-effects-layer{background-image: url(\"https:\/\/i0.wp.com\/ktspeople.com\/wp-content\/uploads\/2023\/10\/electrician4-scaled.jpg?fit=2560%2C1698&ssl=1\");}<\/style><div class=\"elementor-element elementor-element-c1dbeab e-transform e-flex e-con-boxed e-con e-parent\" data-id=\"c1dbeab\" data-element_type=\"container\" data-e-type=\"container\" data-settings=\"{&quot;background_background&quot;:&quot;classic&quot;,&quot;_transform_scale_effect_hover&quot;:{&quot;unit&quot;:&quot;px&quot;,&quot;size&quot;:0.9899999999999999911182158029987476766109466552734375,&quot;sizes&quot;:[]},&quot;_transform_scale_effect_hover_tablet&quot;:{&quot;unit&quot;:&quot;px&quot;,&quot;size&quot;:&quot;&quot;,&quot;sizes&quot;:[]},&quot;_transform_scale_effect_hover_mobile&quot;:{&quot;unit&quot;:&quot;px&quot;,&quot;size&quot;:&quot;&quot;,&quot;sizes&quot;:[]}}\">\n\t\t\t\t\t<div class=\"e-con-inner\">\n\t\t<div class=\"elementor-element elementor-element-abb8ddd e-flex e-con-boxed e-con e-child\" data-id=\"abb8ddd\" data-element_type=\"container\" data-e-type=\"container\" data-settings=\"{&quot;background_background&quot;:&quot;classic&quot;}\">\n\t\t\t\t\t<div class=\"e-con-inner\">\n\t\t\t\t<div class=\"elementor-element elementor-element-ad987d2 elementor-widget elementor-widget-image\" data-id=\"ad987d2\" data-element_type=\"widget\" data-e-type=\"widget\" data-widget_type=\"image.default\">\n\t\t\t\t<div class=\"elementor-widget-container\">\n\t\t\t\t\t\t\t\t\t\t\t\t\t\t\t<img decoding=\"async\" src=\"https:\/\/ktspeople.com\/wp-content\/uploads\/2023\/10\/electrical_01.svg\" class=\"attachment-full size-full wp-image-2285\" alt=\"\" \/>\t\t\t\t\t\t\t\t\t\t\t\t\t\t\t<\/div>\n\t\t\t\t<\/div>\n\t\t<div class=\"elementor-element elementor-element-3755615 e-flex e-con-boxed e-con e-child\" data-id=\"3755615\" data-element_type=\"container\" data-e-type=\"container\">\n\t\t\t\t\t<div class=\"e-con-inner\">\n\t\t\t\t<div class=\"elementor-element elementor-element-92e40be elementor-widget elementor-widget-theme-post-title elementor-page-title elementor-widget-heading\" data-id=\"92e40be\" data-element_type=\"widget\" data-e-type=\"widget\" data-widget_type=\"theme-post-title.default\">\n\t\t\t\t<div class=\"elementor-widget-container\">\n\t\t\t\t\t<h1 class=\"elementor-heading-title elementor-size-default\">Elektrische Arbeiten<\/h1>\t\t\t\t<\/div>\n\t\t\t\t<\/div>\n\t\t\t\t\t<\/div>\n\t\t\t\t<\/div>\n\t\t\t\t<div class=\"elementor-element elementor-element-a0484db elementor-align-center elementor-widget__width-initial e-transform elementor-widget elementor-widget-button\" data-id=\"a0484db\" data-element_type=\"widget\" data-e-type=\"widget\" data-settings=\"{&quot;_transform_scale_effect_hover&quot;:{&quot;unit&quot;:&quot;px&quot;,&quot;size&quot;:0.9499999999999999555910790149937383830547332763671875,&quot;sizes&quot;:[]},&quot;_transform_scale_effect_hover_tablet&quot;:{&quot;unit&quot;:&quot;px&quot;,&quot;size&quot;:&quot;&quot;,&quot;sizes&quot;:[]},&quot;_transform_scale_effect_hover_mobile&quot;:{&quot;unit&quot;:&quot;px&quot;,&quot;size&quot;:&quot;&quot;,&quot;sizes&quot;:[]}}\" data-widget_type=\"button.default\">\n\t\t\t\t<div class=\"elementor-widget-container\">\n\t\t\t\t\t\t\t\t\t<div class=\"elementor-button-wrapper\">\n\t\t\t\t\t<a class=\"elementor-button elementor-button-link elementor-size-sm\" href=\"https:\/\/ktspeople.com\/de\/komplettloesungen\/elektrische-arbeiten\/\">\n\t\t\t\t\t\t<span class=\"elementor-button-content-wrapper\">\n\t\t\t\t\t\t\t\t\t<span class=\"elementor-button-text\">Anfrage senden \u2192<\/span>\n\t\t\t\t\t<\/span>\n\t\t\t\t\t<\/a>\n\t\t\t\t<\/div>\n\t\t\t\t\t\t\t\t<\/div>\n\t\t\t\t<\/div>\n\t\t\t\t\t<\/div>\n\t\t\t\t<\/div>\n\t\t\t\t\t<\/div>\n\t\t\t\t<\/div>\n\t\t\t\t<\/div>\n\t\t<\/div>\t\t<\/article>\n\t\t\t\t<article id=\"post-3008\" class=\"elementor-post elementor-grid-item ecs-post-loop post-3008 page type-page status-publish has-post-thumbnail hentry tag-betonarbeiten\">\n\t\t<div class=\"ecs-link-wrapper\" data-href=\"https:\/\/ktspeople.com\/de\/komplettloesungen\/betonarbeiten\/\"   >\t\t<div data-elementor-type=\"loop\" data-elementor-id=\"2676\" class=\"elementor elementor-2676 elementor-1009 elementor-1009 post-3008 page type-page status-publish has-post-thumbnail hentry tag-betonarbeiten\" data-elementor-post-type=\"elementor_library\">\n\t\t\t<style>#post-3008 .elementor-2676 .elementor-element.elementor-element-c1dbeab:not(.elementor-motion-effects-element-type-background), #post-3008 .elementor-2676 .elementor-element.elementor-element-c1dbeab > .elementor-motion-effects-container > .elementor-motion-effects-layer{background-image: url(\"https:\/\/i0.wp.com\/ktspeople.com\/wp-content\/uploads\/2023\/10\/concrete2-scaled.jpg?fit=2560%2C1709&ssl=1\");}<\/style><div class=\"elementor-element elementor-element-c1dbeab e-transform e-flex e-con-boxed e-con e-parent\" data-id=\"c1dbeab\" data-element_type=\"container\" data-e-type=\"container\" data-settings=\"{&quot;background_background&quot;:&quot;classic&quot;,&quot;_transform_scale_effect_hover&quot;:{&quot;unit&quot;:&quot;px&quot;,&quot;size&quot;:0.9899999999999999911182158029987476766109466552734375,&quot;sizes&quot;:[]},&quot;_transform_scale_effect_hover_tablet&quot;:{&quot;unit&quot;:&quot;px&quot;,&quot;size&quot;:&quot;&quot;,&quot;sizes&quot;:[]},&quot;_transform_scale_effect_hover_mobile&quot;:{&quot;unit&quot;:&quot;px&quot;,&quot;size&quot;:&quot;&quot;,&quot;sizes&quot;:[]}}\">\n\t\t\t\t\t<div class=\"e-con-inner\">\n\t\t<div class=\"elementor-element elementor-element-abb8ddd e-flex e-con-boxed e-con e-child\" data-id=\"abb8ddd\" data-element_type=\"container\" data-e-type=\"container\" data-settings=\"{&quot;background_background&quot;:&quot;classic&quot;}\">\n\t\t\t\t\t<div class=\"e-con-inner\">\n\t\t\t\t<div class=\"elementor-element elementor-element-ad987d2 elementor-widget elementor-widget-image\" data-id=\"ad987d2\" data-element_type=\"widget\" data-e-type=\"widget\" data-widget_type=\"image.default\">\n\t\t\t\t<div class=\"elementor-widget-container\">\n\t\t\t\t\t\t\t\t\t\t\t\t\t\t\t<img decoding=\"async\" width=\"100\" height=\"100\" src=\"https:\/\/ktspeople.com\/wp-content\/uploads\/2023\/10\/concrete_02.svg\" class=\"attachment-full size-full wp-image-2345\" alt=\"\" \/>\t\t\t\t\t\t\t\t\t\t\t\t\t\t\t<\/div>\n\t\t\t\t<\/div>\n\t\t<div class=\"elementor-element elementor-element-3755615 e-flex e-con-boxed e-con e-child\" data-id=\"3755615\" data-element_type=\"container\" data-e-type=\"container\">\n\t\t\t\t\t<div class=\"e-con-inner\">\n\t\t\t\t<div class=\"elementor-element elementor-element-92e40be elementor-widget elementor-widget-theme-post-title elementor-page-title elementor-widget-heading\" data-id=\"92e40be\" data-element_type=\"widget\" data-e-type=\"widget\" data-widget_type=\"theme-post-title.default\">\n\t\t\t\t<div class=\"elementor-widget-container\">\n\t\t\t\t\t<h1 class=\"elementor-heading-title elementor-size-default\">Betonarbeiten<\/h1>\t\t\t\t<\/div>\n\t\t\t\t<\/div>\n\t\t\t\t\t<\/div>\n\t\t\t\t<\/div>\n\t\t\t\t<div class=\"elementor-element elementor-element-a0484db elementor-align-center elementor-widget__width-initial e-transform elementor-widget elementor-widget-button\" data-id=\"a0484db\" data-element_type=\"widget\" data-e-type=\"widget\" data-settings=\"{&quot;_transform_scale_effect_hover&quot;:{&quot;unit&quot;:&quot;px&quot;,&quot;size&quot;:0.9499999999999999555910790149937383830547332763671875,&quot;sizes&quot;:[]},&quot;_transform_scale_effect_hover_tablet&quot;:{&quot;unit&quot;:&quot;px&quot;,&quot;size&quot;:&quot;&quot;,&quot;sizes&quot;:[]},&quot;_transform_scale_effect_hover_mobile&quot;:{&quot;unit&quot;:&quot;px&quot;,&quot;size&quot;:&quot;&quot;,&quot;sizes&quot;:[]}}\" data-widget_type=\"button.default\">\n\t\t\t\t<div class=\"elementor-widget-container\">\n\t\t\t\t\t\t\t\t\t<div class=\"elementor-button-wrapper\">\n\t\t\t\t\t<a class=\"elementor-button elementor-button-link elementor-size-sm\" href=\"https:\/\/ktspeople.com\/de\/komplettloesungen\/betonarbeiten\/\">\n\t\t\t\t\t\t<span class=\"elementor-button-content-wrapper\">\n\t\t\t\t\t\t\t\t\t<span class=\"elementor-button-text\">Anfrage senden \u2192<\/span>\n\t\t\t\t\t<\/span>\n\t\t\t\t\t<\/a>\n\t\t\t\t<\/div>\n\t\t\t\t\t\t\t\t<\/div>\n\t\t\t\t<\/div>\n\t\t\t\t\t<\/div>\n\t\t\t\t<\/div>\n\t\t\t\t\t<\/div>\n\t\t\t\t<\/div>\n\t\t\t\t<\/div>\n\t\t<\/div>\t\t<\/article>\n\t\t\t\t<article id=\"post-3011\" class=\"elementor-post elementor-grid-item ecs-post-loop post-3011 page type-page status-publish has-post-thumbnail hentry tag-elektronik-auftrage\">\n\t\t<div class=\"ecs-link-wrapper\" data-href=\"https:\/\/ktspeople.com\/de\/komplettloesungen\/elektronik-auftraege\/\"   >\t\t<div data-elementor-type=\"loop\" data-elementor-id=\"2676\" class=\"elementor elementor-2676 elementor-1009 elementor-1009 post-3011 page type-page status-publish has-post-thumbnail hentry tag-elektronik-auftrage\" data-elementor-post-type=\"elementor_library\">\n\t\t\t<style>#post-3011 .elementor-2676 .elementor-element.elementor-element-c1dbeab:not(.elementor-motion-effects-element-type-background), #post-3011 .elementor-2676 .elementor-element.elementor-element-c1dbeab > .elementor-motion-effects-container > .elementor-motion-effects-layer{background-image: url(\"https:\/\/i0.wp.com\/ktspeople.com\/wp-content\/uploads\/2023\/10\/electronics1-scaled.jpg?fit=2560%2C1707&ssl=1\");}<\/style><div class=\"elementor-element elementor-element-c1dbeab e-transform e-flex e-con-boxed e-con e-parent\" data-id=\"c1dbeab\" data-element_type=\"container\" data-e-type=\"container\" data-settings=\"{&quot;background_background&quot;:&quot;classic&quot;,&quot;_transform_scale_effect_hover&quot;:{&quot;unit&quot;:&quot;px&quot;,&quot;size&quot;:0.9899999999999999911182158029987476766109466552734375,&quot;sizes&quot;:[]},&quot;_transform_scale_effect_hover_tablet&quot;:{&quot;unit&quot;:&quot;px&quot;,&quot;size&quot;:&quot;&quot;,&quot;sizes&quot;:[]},&quot;_transform_scale_effect_hover_mobile&quot;:{&quot;unit&quot;:&quot;px&quot;,&quot;size&quot;:&quot;&quot;,&quot;sizes&quot;:[]}}\">\n\t\t\t\t\t<div class=\"e-con-inner\">\n\t\t<div class=\"elementor-element elementor-element-abb8ddd e-flex e-con-boxed e-con e-child\" data-id=\"abb8ddd\" data-element_type=\"container\" data-e-type=\"container\" data-settings=\"{&quot;background_background&quot;:&quot;classic&quot;}\">\n\t\t\t\t\t<div class=\"e-con-inner\">\n\t\t\t\t<div class=\"elementor-element elementor-element-ad987d2 elementor-widget elementor-widget-image\" data-id=\"ad987d2\" data-element_type=\"widget\" data-e-type=\"widget\" data-widget_type=\"image.default\">\n\t\t\t\t<div class=\"elementor-widget-container\">\n\t\t\t\t\t\t\t\t\t\t\t\t\t\t\t<img decoding=\"async\" width=\"100\" height=\"100\" src=\"https:\/\/ktspeople.com\/wp-content\/uploads\/2023\/10\/electronics_01.svg\" class=\"attachment-full size-full wp-image-2355\" alt=\"\" \/>\t\t\t\t\t\t\t\t\t\t\t\t\t\t\t<\/div>\n\t\t\t\t<\/div>\n\t\t<div class=\"elementor-element elementor-element-3755615 e-flex e-con-boxed e-con e-child\" data-id=\"3755615\" data-element_type=\"container\" data-e-type=\"container\">\n\t\t\t\t\t<div class=\"e-con-inner\">\n\t\t\t\t<div class=\"elementor-element elementor-element-92e40be elementor-widget elementor-widget-theme-post-title elementor-page-title elementor-widget-heading\" data-id=\"92e40be\" data-element_type=\"widget\" data-e-type=\"widget\" data-widget_type=\"theme-post-title.default\">\n\t\t\t\t<div class=\"elementor-widget-container\">\n\t\t\t\t\t<h1 class=\"elementor-heading-title elementor-size-default\">Elektronik-Auftr\u00e4ge<\/h1>\t\t\t\t<\/div>\n\t\t\t\t<\/div>\n\t\t\t\t\t<\/div>\n\t\t\t\t<\/div>\n\t\t\t\t<div class=\"elementor-element elementor-element-a0484db elementor-align-center elementor-widget__width-initial e-transform elementor-widget elementor-widget-button\" data-id=\"a0484db\" data-element_type=\"widget\" data-e-type=\"widget\" data-settings=\"{&quot;_transform_scale_effect_hover&quot;:{&quot;unit&quot;:&quot;px&quot;,&quot;size&quot;:0.9499999999999999555910790149937383830547332763671875,&quot;sizes&quot;:[]},&quot;_transform_scale_effect_hover_tablet&quot;:{&quot;unit&quot;:&quot;px&quot;,&quot;size&quot;:&quot;&quot;,&quot;sizes&quot;:[]},&quot;_transform_scale_effect_hover_mobile&quot;:{&quot;unit&quot;:&quot;px&quot;,&quot;size&quot;:&quot;&quot;,&quot;sizes&quot;:[]}}\" data-widget_type=\"button.default\">\n\t\t\t\t<div class=\"elementor-widget-container\">\n\t\t\t\t\t\t\t\t\t<div class=\"elementor-button-wrapper\">\n\t\t\t\t\t<a class=\"elementor-button elementor-button-link elementor-size-sm\" href=\"https:\/\/ktspeople.com\/de\/komplettloesungen\/elektronik-auftraege\/\">\n\t\t\t\t\t\t<span class=\"elementor-button-content-wrapper\">\n\t\t\t\t\t\t\t\t\t<span class=\"elementor-button-text\">Anfrage senden \u2192<\/span>\n\t\t\t\t\t<\/span>\n\t\t\t\t\t<\/a>\n\t\t\t\t<\/div>\n\t\t\t\t\t\t\t\t<\/div>\n\t\t\t\t<\/div>\n\t\t\t\t\t<\/div>\n\t\t\t\t<\/div>\n\t\t\t\t\t<\/div>\n\t\t\t\t<\/div>\n\t\t\t\t<\/div>\n\t\t<\/div>\t\t<\/article>\n\t\t\t\t<\/div>\n\t\t\t\t\t\t<\/div>\n\t\t\t\t<\/div>\n\t\t\t\t\t<\/div>\n\t\t\t\t<\/div>\n\t\t<div class=\"elementor-element elementor-element-ecdbe71 e-flex e-con-boxed e-con e-parent\" data-id=\"ecdbe71\" data-element_type=\"container\" data-e-type=\"container\">\n\t\t\t\t\t<div class=\"e-con-inner\">\n\t\t\t\t\t<\/div>\n\t\t\t\t<\/div>\n\t\t\t\t<\/div>\n\t\t","protected":false},"excerpt":{"rendered":"<p>Wir bieten Komplettl\u00f6sungen in verschiedenen Bereichen des Bauwesens, der Industrie und der Elektronik an. Unser Team besteht aus Fachleuten in Ihren Bereichen und Produktionseinheiten mit ausgezeichneten F\u00e4higkeiten, die bereit sind, die Anforderungen Ihres Projekts in vollem Umfang zu erf\u00fcllen. F\u00fcr detailliertere Informationen w\u00e4hlen Sie den Bereich, der f\u00fcr Sie interessant ist und senden Sie uns [&hellip;]<\/p>\n","protected":false},"author":1,"featured_media":1673,"parent":0,"menu_order":2,"comment_status":"closed","ping_status":"closed","template":"","meta":{"_acf_changed":false,"footnotes":""},"categories":[],"tags":[],"class_list":["post-3000","page","type-page","status-publish","has-post-thumbnail","hentry"],"acf":[],"_links":{"self":[{"href":"https:\/\/ktspeople.com\/de\/wp-json\/wp\/v2\/pages\/3000","targetHints":{"allow":["GET"]}}],"collection":[{"href":"https:\/\/ktspeople.com\/de\/wp-json\/wp\/v2\/pages"}],"about":[{"href":"https:\/\/ktspeople.com\/de\/wp-json\/wp\/v2\/types\/page"}],"author":[{"embeddable":true,"href":"https:\/\/ktspeople.com\/de\/wp-json\/wp\/v2\/users\/1"}],"replies":[{"embeddable":true,"href":"https:\/\/ktspeople.com\/de\/wp-json\/wp\/v2\/comments?post=3000"}],"version-history":[{"count":2,"href":"https:\/\/ktspeople.com\/de\/wp-json\/wp\/v2\/pages\/3000\/revisions"}],"predecessor-version":[{"id":3002,"href":"https:\/\/ktspeople.com\/de\/wp-json\/wp\/v2\/pages\/3000\/revisions\/3002"}],"wp:featuredmedia":[{"embeddable":true,"href":"https:\/\/ktspeople.com\/de\/wp-json\/wp\/v2\/media\/1673"}],"wp:attachment":[{"href":"https:\/\/ktspeople.com\/de\/wp-json\/wp\/v2\/media?parent=3000"}],"wp:term":[{"taxonomy":"category","embeddable":true,"href":"https:\/\/ktspeople.com\/de\/wp-json\/wp\/v2\/categories?post=3000"},{"taxonomy":"post_tag","embeddable":true,"href":"https:\/\/ktspeople.com\/de\/wp-json\/wp\/v2\/tags?post=3000"}],"curies":[{"name":"wp","href":"https:\/\/api.w.org\/{rel}","templated":true}]}}