{"id":3008,"date":"2023-10-13T10:02:14","date_gmt":"2023-10-13T10:02:14","guid":{"rendered":"https:\/\/ktspeople.com\/?page_id=3008"},"modified":"2024-04-03T07:48:35","modified_gmt":"2024-04-03T07:48:35","slug":"betonarbeiten","status":"publish","type":"page","link":"https:\/\/ktspeople.com\/de\/komplettloesungen\/betonarbeiten\/","title":{"rendered":"Betonarbeiten"},"content":{"rendered":"\n<ul class=\"wp-block-list\">\n<li>Betonb\u00f6den<\/li>\n\n\n\n<li>Vorbereitung von Betonb\u00f6den<\/li>\n\n\n\n<li>Gie\u00dfen von Betonb\u00f6den (Hubschrauber-, Latten- und Firstfl\u00e4chen)<\/li>\n\n\n\n<li>Alle Arten von Betonarbeiten, Betongie\u00dfen, Zwischendecken<\/li>\n\n\n\n<li>Verschiedene Arten von Betonfundamenten<\/li>\n\n\n\n<li>Plattenfundamente<\/li>\n\n\n\n<li>Industrielle B\u00f6den<\/li>\n\n\n\n<li>Schalungsarbeiten und Bewehrungsarbeiten<\/li>\n\n\n\n<li>Treppe<\/li>\n\n\n\n<li>Decken, W\u00e4nde und Pfosten<\/li>\n\n\n\n<li>Spezielle Betonl\u00f6sungen<\/li>\n\n\n\n<li>Privater Wohnungsbau<\/li>\n<\/ul>\n","protected":false},"excerpt":{"rendered":"","protected":false},"author":1,"featured_media":1350,"parent":3000,"menu_order":3,"comment_status":"closed","ping_status":"closed","template":"","meta":{"_acf_changed":false,"footnotes":""},"categories":[],"tags":[50],"class_list":["post-3008","page","type-page","status-publish","has-post-thumbnail","hentry","tag-betonarbeiten"],"acf":[],"_links":{"self":[{"href":"https:\/\/ktspeople.com\/de\/wp-json\/wp\/v2\/pages\/3008","targetHints":{"allow":["GET"]}}],"collection":[{"href":"https:\/\/ktspeople.com\/de\/wp-json\/wp\/v2\/pages"}],"about":[{"href":"https:\/\/ktspeople.com\/de\/wp-json\/wp\/v2\/types\/page"}],"author":[{"embeddable":true,"href":"https:\/\/ktspeople.com\/de\/wp-json\/wp\/v2\/users\/1"}],"replies":[{"embeddable":true,"href":"https:\/\/ktspeople.com\/de\/wp-json\/wp\/v2\/comments?post=3008"}],"version-history":[{"count":3,"href":"https:\/\/ktspeople.com\/de\/wp-json\/wp\/v2\/pages\/3008\/revisions"}],"predecessor-version":[{"id":3682,"href":"https:\/\/ktspeople.com\/de\/wp-json\/wp\/v2\/pages\/3008\/revisions\/3682"}],"up":[{"embeddable":true,"href":"https:\/\/ktspeople.com\/de\/wp-json\/wp\/v2\/pages\/3000"}],"wp:featuredmedia":[{"embeddable":true,"href":"https:\/\/ktspeople.com\/de\/wp-json\/wp\/v2\/media\/1350"}],"wp:attachment":[{"href":"https:\/\/ktspeople.com\/de\/wp-json\/wp\/v2\/media?parent=3008"}],"wp:term":[{"taxonomy":"category","embeddable":true,"href":"https:\/\/ktspeople.com\/de\/wp-json\/wp\/v2\/categories?post=3008"},{"taxonomy":"post_tag","embeddable":true,"href":"https:\/\/ktspeople.com\/de\/wp-json\/wp\/v2\/tags?post=3008"}],"curies":[{"name":"wp","href":"https:\/\/api.w.org\/{rel}","templated":true}]}}