{"id":3186,"date":"2023-10-09T07:50:33","date_gmt":"2023-10-09T07:50:33","guid":{"rendered":"https:\/\/ktspeople.com\/?page_id=3186"},"modified":"2023-12-05T10:59:02","modified_gmt":"2023-12-05T10:59:02","slug":"datenschutzerklaerung","status":"publish","type":"page","link":"https:\/\/ktspeople.com\/de\/datenschutzerklaerung\/","title":{"rendered":"Datenschutzerkl\u00e4rung"},"content":{"rendered":"\n<p>KTS People Eesti O\u00dc jaoks on oluline Teie privaatsus ja j\u00e4rgida k\u00f5iki kehtivaid seadusi ja m\u00e4\u00e4rusi mis tahes isikuandmete kohta, mida v\u00f5ime Teie kohta koguda, kui k\u00fclastate meie veebilehte <a href=\"https:\/\/ktspeople.com\">ktspeople.com<\/a>. Meie veebisaiti kasutades n\u00f5ustute, et kogume ja kasutame Teie andmeid vastavalt k\u00e4esolevale privaatsuspoliitikale.<\/p>\n\n<p>K\u00e4esoleva privaatsuspoliitikaga soovime Teile selgitada, milliseid andmeid me kogume, kuidas neid kasutame ja millised on Teie \u00f5igused oma andmete kaitsmiseks. Poliis rakendub ainult meie veebilehele ja selle k\u00fclastajatele ning ei rakendu andmetele, mida kogutakse muude kanalite kaudu.<\/p>\n\n<p>Teie andmete t\u00f6\u00f6tleja on KTS People Eesti O\u00dc<\/p>\n\n<p>ettev\u00f5tte reg. number: 14833376<\/p>\n\n<p>e-post: info@ktspeople.com<\/p>\n\n<p>Kogume ja t\u00f6\u00f6tleme teavet koosk\u00f5las Euroopa Liidu \u00fcldise andmekaitse m\u00e4\u00e4rusega (GDPR), mis j\u00f5ustus 25.05.2018.<\/p>\n\n<h2 class=\"wp-block-heading\">Andmete kogumine ja kasutamine<\/h2>\n\n<h3 class=\"wp-block-heading\">Milliseid andmeid me kogume<\/h3>\n\n<p>Kogutav teave h\u00f5lmab nii teavet, mida Te meile teadlikult ja aktiivselt edastate meie teenuste v\u00f5i kampaaniate kasutamisel v\u00f5i nendes osalemisel, kui ka kogu teavet, mille Teie seadmed saadavad meie toodetele ja teenustele juurde p\u00e4\u00e4semisel.<\/p>\n\n<p>Meie poolt kogutavad andmed sisaldavad endas teavet, mida olete meie teenuste v\u00f5i kampaaniate kasutamisel meile teadlikult jaganud ning teavet, mida Teie seadmed meile automaatselt edastavad.<\/p>\n\n<p>Teie isiklikud andmed v\u00f5ivad j\u00f5uda meieni j\u00e4rgmistel viisidel:<\/p>\n\n<ul class=\"wp-block-list\">\n<li>Kui kontakteerute meiega telefoni, e-posti v\u00f5i online vestluse kaudu<\/li>\n\n\n\n<li>Kui sirvite veebilehte <a href=\"https:\/\/ktspeople.com\">ktspeople.com<\/a><\/li>\n\n\n\n<li>Kui Te kommenteerite, laigite v\u00f5i jagate m\u00f5nda postitust meie sotsiaalmeedia kontol<\/li>\n<\/ul>\n\n<h3 class=\"wp-block-heading\">Kogutavad andmet\u00fc\u00fcbid<\/h3>\n\n<h4 class=\"wp-block-heading\">Isikuandmed<\/h4>\n\n<p>K\u00fcsime Teilt isiklikku informatsiooni ainult siis, kui see on vajalik Teile teenuse osutamiseks. V\u00f5ttes meiega \u00fchendust v\u00f5i k\u00fclastades meie veebilehte, on v\u00f5imalik, et jagate meiega j\u00e4rgnevat teavet:<\/p>\n\n<ul class=\"wp-block-list\">\n<li>Ees- ja perekonnanimi<\/li>\n\n\n\n<li>E-posti aadress<\/li>\n\n\n\n<li>Telefoninumber<\/li>\n\n\n\n<li>Informatsioon Teie veebibrauseri ja IP-aadressi kohta<\/li>\n<\/ul>\n\n<h4 class=\"wp-block-heading\">Logifailid<\/h4>\n\n<p>Meie veebileht <a href=\"https:\/\/ktspeople.com\">ktspeople.com<\/a> salvestab oma k\u00fclastajate kohta logifaile. Kogutava teabe hulka v\u00f5ib kuuluda:<\/p>\n\n<ul class=\"wp-block-list\">\n<li>Kasutatava seadme t\u00fc\u00fcp<\/li>\n\n\n\n<li>Interneti-protokolli (IP) aadress<\/li>\n\n\n\n<li>brauseri t\u00fc\u00fcp<\/li>\n\n\n\n<li>Internetiteenuse pakkuja (ISP)<\/li>\n\n\n\n<li>Veebilehe k\u00fclastamise kuup\u00e4ev ja kellaaeg<\/li>\n\n\n\n<li>Sisenemis- ja v\u00e4ljumisleht veebilehel tehtavate klikkide arv<\/li>\n<\/ul>\n\n<p>Logifailides olevat informatsiooni kasutatakse trendide anal\u00fc\u00fcsimiseks, veebilehe administreerimiseks, lehe k\u00fclastajate tegevuste j\u00e4lgimiseks ning demograafilise info kogumiseks. Saadud teabe ei ole m\u00f5eldud, ega v\u00f5imaldagi isikut identifitseerida.<\/p>\n\n<h4 class=\"wp-block-heading\">Cookies<\/h4>\n\n<p>Wie die meisten Websites verwendet <a href=\"https:\/\/ktspeople.com\/de\/\">ktspeople.com<\/a> \u201eCookies\u201c. Ein Cookie ist im Wesentlichen eine Textdatei, die beim Besuch einer Website auf dem Ger\u00e4t des Benutzers gespeichert wird. Cookies werden verwendet, um Pr\u00e4ferenzen, regionale Einstellungen, Optionen zur Nutzung von Diensten usw. zu ermitteln und zu speichern.<\/p>\n\n<p>Wenn Sie m\u00f6chten, k\u00f6nnen Sie die Verwendung von Cookies in den Browsereinstellungen deaktivieren. In diesem Fall kann es jedoch zu St\u00f6rungen des Ihnen angebotenen Dienstes kommen.<\/p>\n\n<p>Cookies werden in dauerhafte Cookies und Sitzungscookies unterteilt. Permanente Cookies verbleiben auf Ihrem PC oder Mobilger\u00e4t, auch nachdem Sie Ihren Browser oder Computer geschlossen haben. Sitzungscookies werden jedoch unmittelbar nach dem Schlie\u00dfen des Browsers gel\u00f6scht.<\/p>\n\n<p>Cookies werden nach ihrem Zweck unterteilt:<\/p>\n\n<p><strong>Notwendige Cookies.<\/strong> Session-Cookies, deren Zweck darin besteht, Ihnen die Nutzung der auf unserer Website angebotenen Dienste zu erm\u00f6glichen. Diese Cookies helfen bei der Authentifizierung von Benutzern und verhindern die b\u00f6swillige Nutzung von Benutzerkonten. Ohne diese Cookies k\u00f6nnen wir Ihnen die gew\u00fcnschten Dienste nicht anbieten.<\/p>\n\n<p><strong>Benachrichtigungscookies.<\/strong> Diese Cookies erkennen, ob Benutzer die Verwendung von Cookies auf der Website akzeptiert haben.<\/p>\n\n<p><strong>Funktionscookies.<\/strong> Diese Cookies erm\u00f6glichen es Ihrem Browser, sich an die von Ihnen bei der Nutzung der Website getroffenen Entscheidungen zu erinnern, z. B. das Speichern Ihrer Anmeldedaten oder Spracheinstellungen. Der Zweck dieser Cookies besteht darin, Ihnen ein pers\u00f6nlicheres Erlebnis zu bieten und zu verhindern, dass Sie Ihre Pr\u00e4ferenzen erneut eingeben m\u00fcssen.<\/p>\n\n<h3 class=\"wp-block-heading\">Kuidas me andmeid kasutame<\/h3>\n\n<p>Kogutud informatsiooni v\u00f5ime kasutada erinevatel eesm\u00e4rkidel, sealhulgas:<\/p>\n\n<ul class=\"wp-block-list\">\n<li>Meie veebilehe hooldamiseks, haldamiseks, arendamiseks, personaliseerimiseks ja laiendamiseks<\/li>\n\n\n\n<li>Statistika kogumiseks, et saaksime pakkuda paremaid teenuseid ja\/v\u00f5i pakkumisi ning m\u00f5ista ja anal\u00fc\u00fcsida meie veebilehe k\u00fclastajate k\u00e4itumist<\/li>\n\n\n\n<li>Teie tuvastamiseks telefoni, s\u00f5numi v\u00f5i e-posti teel<\/li>\n\n\n\n<li>Teile informatsiooni saatmisel ja meie teenuste kohta tagasiside palumisel<\/li>\n\n\n\n<li>Pettuste v\u00e4ltimiseks ja meie veebilehe kaitsmiseks<\/li>\n\n\n\n<li>V\u00f5imaldamaks meil Teiega \u00fchenduses olla sotsiaalmeedia konto kaudu<\/li>\n\n\n\n<li>Vestlusajaloo lugemise v\u00f5imaldamiseks, et kiirendada asjakohase n\u00f5u andmist<\/li>\n\n\n\n<li>Eesm\u00e4rgiga parandada meie teenuse kvaliteeti ja pakkuda t\u00f5husamaid sirvimislahendusi<\/li>\n\n\n\n<li>Et arendada uusi uusi tooteid, teenuseid v\u00f5i parandada nende funktsionaalsust<\/li>\n\n\n\n<li>Meievaheliste interaktsioonide lihtsustamiseks ja kiirendamiseks, kui v\u00f5tate meiega \u00fchendust<\/li>\n\n\n\n<li>Muudel eesm\u00e4rkidel. N\u00e4iteks andmete anal\u00fc\u00fcsimiseks, trendide uurimiseks, meie reklaamikampaaniate t\u00f5hususe hindamiseks.<\/li>\n<\/ul>\n\n<h3 class=\"wp-block-heading\">Millistel juhtudel on v\u00f5imalik, et jagame Teie andmeid<\/h3>\n\n<ul class=\"wp-block-list\">\n<li>V\u00f5ime jagada v\u00f5i edastada Teie isikuandmeid seoses meie ettev\u00f5tte omanike vahetuse, \u00fchinemise, varade m\u00fc\u00fcgi, finantseerimise v\u00f5i omandamise k\u00e4igus. Teavitame Teid Teie isikuandmete edastamisest ja sellest, kui neile hakkavad kehtima m\u00f5ne teise privaatsuspoliitika s\u00e4tted.<\/li>\n\n\n\n<li>V\u00f5ime jagada Teie andmeid oma partnerettev\u00f5tetega, n\u00f5udes neilt k\u00e4esoleva privaatsuspoliitika j\u00e4rgimist. Partnerettev\u00f5tete hulka kuuluvad meie ema- ja t\u00fctarettev\u00f5tted, \u00fchisettev\u00f5tte partnerid v\u00f5i ettev\u00f5tted, mis kuuluvad meile.<\/li>\n\n\n\n<li>V\u00f5ime jagada Teie andmeid oma \u00e4ripartneritega, et pakkuda Teile teatud tooteid, teenuseid v\u00f5i kampaaniaid.<\/li>\n\n\n\n<li>V\u00f5ime Teie n\u00f5usolekul avaldada Teie isikuandmeid mis tahes muul eesm\u00e4rgil.<\/li>\n\n\n\n<li>Oleme kohustatud Teie isikuandmed avaldama, kui seda n\u00f5uab seadus. Heas usus v\u00f5ime avaldada ka Teie andmeid, et j\u00e4rgida seadusest tulenevat kohustust, kaitsta meie \u00f5igusi v\u00f5i omandit, ennetada v\u00f5i tuvastada v\u00f5imalikke meie teenuse kasutamisega seonduvaid \u00f5igusrikkumisi ja tagada teenuse kasutajate turvalisus.<\/li>\n<\/ul>\n\n<h3 class=\"wp-block-heading\">Teie isikuandmete s\u00e4ilitamine<\/h3>\n\n<p>Ettev\u00f5te s\u00e4ilitab Teie isikuandmeid ainult seni, kuni see on vajalik k\u00e4esolevas privaatsuspoliitikas s\u00e4testatud eesm\u00e4rkidel. S\u00e4ilitame ja kasutame Teie isikuandmeid ulatuses, mis on vajalik meie juriidiliste kohustuste t\u00e4itmiseks (n\u00e4iteks kui peame Teie andmeid s\u00e4ilitama kehtivate seaduste j\u00e4rgimiseks), vaidluste lahendamiseks ning meie juriidiliste lepingute ja eeskirjade j\u00f5ustamiseks.<\/p>\n\n<p>Ettev\u00f5te s\u00e4ilitab logifaile ka siseanal\u00fc\u00fcsi eesm\u00e4rgil. Logifaile s\u00e4ilitatakse tavaliselt l\u00fchemat aega, v\u00e4lja arvatud juhul, kui neid andmeid kasutatakse turvalisuse tugevdamiseks v\u00f5i meie teenuse funktsionaalsuse parandamiseks v\u00f5i kui me oleme seadusega kohustatud neid andmeid pikemaks ajaks s\u00e4ilitama.<\/p>\n\n<h3 class=\"wp-block-heading\">Laste andmete t\u00f6\u00f6tlemine<\/h3>\n\n<p>\u00dckski meie toode v\u00f5i teenus ei ole suunatud alla 13-aastastele lastele ja me ei kogu teadlikult alla 13-aastaste laste andmeid. Kahtluse korral, et t\u00f6\u00f6tleme alla 13-aastase isiku andmeid, eemaldame selle isiku k\u00f5igist meie andmebaasidest.<\/p>\n\n<h2 class=\"wp-block-heading\">Teie \u00f5igused oma andmete kaitsmiseks<\/h2>\n\n<p>Teil on alati \u00f5igus oma andmeid meiega mitte jagada, teadmisega, et see v\u00f5ib m\u00f5jutada Teie kogemust meie veebisaidil. Kui otsustate oma andmeid meiega mitte jagada, ei kohtle me Teid seep\u00e4rast halvemini. Kui edastate meile isiklikku teavet, m\u00f5istate, et kogume, hoiame, kasutame ja avaldame seda vastavalt k\u00e4esolevale privaatsuspoliitikale. Teil on \u00f5igus n\u00f5uda Teie kohta kogutavate andmete \u00fcksikasju.<\/p>\n\n<p>Saades Teie kohta isiklikku teavet kolmandalt osapoolelt, kaitseme seda vastavalt k\u00e4esolevale privaatsuspoliitikale ja Eesti Vabariigi seadusele. Kui jagate ise kolmanda osapoole andmeid, kinnitate, et Teil on selleks ka \u00f5igus ja luba.<\/p>\n\n<p>Isegi kui olete varem andnud n\u00f5usoleku meiega oma isiklikke andmeid turunduse eesm\u00e4rkidel jagada, j\u00e4\u00e4b Teile \u00f5igus igal ajal oma meelt muuta. Teil on alati \u00f5igus loobuda meiega suhtlemisest ja n\u00f5uda, et eemaldaksime Teie andmed meie andmebaasidest. Aeg-ajalt v\u00f5ime ka k\u00fcsida Teie kohta teavet Teie isiku kinnitamiseks. Kui leiate, et andmed, mida Teie kohta kogunud oleme, on ebat\u00e4psed, aegunud, puudulikud, ebaolulised v\u00f5i eksitavad, palun v\u00f5tke meiega \u00fchendust e-posti teel: info@ktspeople.com. Teeme k\u00f5ik meist oleneva, et parandada ebat\u00e4pset, puudulikku, eksitavat v\u00f5i aegunud teavet.<\/p>\n\n<p>Kui arvate, et oleme rikkunud asjakohast andmekaitseseadust ja soovite esitada kaebuse, palun v\u00f5tke meiega \u00fchendust, kasutades k\u00e4esolevast dokumendist leitavaid kontaktandmeid ja edastage meile k\u00f5ik rikkumise kohta k\u00e4ivad \u00fcksikasjad. Uurime Teie kaebust viivitamata ja vastame teile kirjalikult, esitades uurimise tulemused ja toome v\u00e4lja sammud, mida Teie kaebuse lahendamiseks ette v\u00f5tame. Samuti on Teil \u00f5igus p\u00f6\u00f6rduda reguleeriva asutuse v\u00f5i andmekaitseasutuse poole.<\/p>\n\n<h2 class=\"wp-block-heading\">GDPR andmekaitse\u00f5igused<\/h2>\n\n<p>Soovime olla veendunud, et olete teadlik k\u00f5igist oma andmekaitse\u00f5igustest. Igal lehe kasutajal on \u00f5igus j\u00e4rgmistele tingimustele:<\/p>\n\n<ul class=\"wp-block-list\">\n<li>Juurdep\u00e4\u00e4su\u00f5igus &#8211; teil on \u00f5igus n\u00f5uda oma isikuandmete koopiaid.<\/li>\n\n\n\n<li>\u00d5igus andmete parandustele &#8211; teil on \u00f5igus n\u00f5uda, et parandaksime Teie arvates ebat\u00e4psed andmed. Samuti on teil \u00f5igus n\u00f5uda, et t\u00e4iendaksime andmeid, mis on Teie arvates puudulikud.<\/li>\n\n\n\n<li>Kustutamis\u00f5igus &#8211; teatud tingimustel on teil \u00f5igus n\u00f5uda Teie isikuandmete kustutamist.<\/li>\n\n\n\n<li>Andmete t\u00f6\u00f6tlemise piiramise \u00f5igus &#8211; teatud tingimustel on teil \u00f5igus n\u00f5uda Teie isikuandmete kasutamise piiramist.<\/li>\n\n\n\n<li>\u00d5igus vaidlustada isikuandmete kasutamine &#8211; teatud tingimustel on teil \u00f5igus vaidlustada Teie isikuandmete kasutamine.<\/li>\n\n\n\n<li>\u00d5igus andmete teisaldatavusele &#8211; teatud tingimustel on teil \u00f5igus n\u00f5uda, et me edastaksime kogutud andmed kolmandale osapoolele v\u00f5i otse teile.<\/li>\n<\/ul>\n\n<h2 class=\"wp-block-heading\">Teie andmete turvalisus<\/h2>\n\n<p>Teie isikuandmete turvalisus on meie jaoks oluline, kuid pidage meeles, et \u00fckski Interneti-teel info vahetamise viis ega elektrooniline salvestusmeetod pole 100% turvaline. Kuigi anname endast k\u00f5ik, et kaitsta Teie andmeid, ei saa me tagada nende t\u00e4ielikku turvalisust.<\/p>\n\n<p>KTS People Eesti O\u00dc v\u00f5tab ette k\u00f5ik m\u00f5istlikult vajalikud meetmed, et tagada Teie andmete t\u00f6\u00f6tlemine turvaliselt ja koosk\u00f5las k\u00e4esoleva privaatsuspoliitika ning Eesti Vabariigi seadusega. Teie andmeid ei edastata \u00fchelegi organisatsioonile ega riigile, v\u00e4lja arvatud juhul, kui selleks on m\u00f5juv p\u00f5hjus ja on tagatud Teie andmete turvalisus.<\/p>\n\n<h2 class=\"wp-block-heading\">Viitamine teistele veebisaitidele<\/h2>\n\n<p>Meie veebisaidilt v\u00f5ite leida linke teistele veebilehtedele, mis ei kuulu meile. Kui vajutate kolmanda osapoole lingil, suunatakse teid selle kolmanda osapoole saidile. Soovitame tungivalt tutvuda iga k\u00fclastatava saidi privaatsuseeskirjaga.<\/p>\n\n<p>Me ei oma mingit kontrolli kolmandate osapoolte saitide \u00fcle ega v\u00f5ta vastutust nende sisu, privaatsuspoliitika, pakutavate teenuste v\u00f5i muu eest.<\/p>\n\n<h2 class=\"wp-block-heading\">Privaatsuspoliitika uuendused<\/h2>\n\n<p>Vajadusel on meil \u00f5igus teha k\u00e4esolevale privaatsuspoliitika dokumendile muudatusi. Privaatsuspoliitika uuenemise j\u00e4rel muudame me selle allosas paiknevat dokumendi v\u00e4rskendamise kuup\u00e4eva. Kui k\u00fclastate ja kasutate meie veebilehte ka p\u00e4rast privaatsuspoliitika uuendamist, k\u00e4sitleme me seda kui Teie vaikivat n\u00f5usolekut muudatustega.<\/p>\n\n<p>Viimati muudetud 24\/10\/2023<\/p>\n","protected":false},"excerpt":{"rendered":"<p>KTS People Eesti O\u00dc jaoks on oluline Teie privaatsus ja j\u00e4rgida k\u00f5iki kehtivaid seadusi ja m\u00e4\u00e4rusi mis tahes isikuandmete kohta, mida v\u00f5ime Teie kohta koguda, kui k\u00fclastate meie veebilehte ktspeople.com. Meie veebisaiti kasutades n\u00f5ustute, et kogume ja kasutame Teie andmeid vastavalt k\u00e4esolevale privaatsuspoliitikale. K\u00e4esoleva privaatsuspoliitikaga soovime Teile selgitada, milliseid andmeid me kogume, kuidas neid kasutame [&hellip;]<\/p>\n","protected":false},"author":1,"featured_media":0,"parent":0,"menu_order":15,"comment_status":"closed","ping_status":"closed","template":"","meta":{"_acf_changed":false,"footnotes":""},"categories":[],"tags":[],"class_list":["post-3186","page","type-page","status-publish","hentry"],"acf":[],"_links":{"self":[{"href":"https:\/\/ktspeople.com\/de\/wp-json\/wp\/v2\/pages\/3186","targetHints":{"allow":["GET"]}}],"collection":[{"href":"https:\/\/ktspeople.com\/de\/wp-json\/wp\/v2\/pages"}],"about":[{"href":"https:\/\/ktspeople.com\/de\/wp-json\/wp\/v2\/types\/page"}],"author":[{"embeddable":true,"href":"https:\/\/ktspeople.com\/de\/wp-json\/wp\/v2\/users\/1"}],"replies":[{"embeddable":true,"href":"https:\/\/ktspeople.com\/de\/wp-json\/wp\/v2\/comments?post=3186"}],"version-history":[{"count":5,"href":"https:\/\/ktspeople.com\/de\/wp-json\/wp\/v2\/pages\/3186\/revisions"}],"predecessor-version":[{"id":3241,"href":"https:\/\/ktspeople.com\/de\/wp-json\/wp\/v2\/pages\/3186\/revisions\/3241"}],"wp:attachment":[{"href":"https:\/\/ktspeople.com\/de\/wp-json\/wp\/v2\/media?parent=3186"}],"wp:term":[{"taxonomy":"category","embeddable":true,"href":"https:\/\/ktspeople.com\/de\/wp-json\/wp\/v2\/categories?post=3186"},{"taxonomy":"post_tag","embeddable":true,"href":"https:\/\/ktspeople.com\/de\/wp-json\/wp\/v2\/tags?post=3186"}],"curies":[{"name":"wp","href":"https:\/\/api.w.org\/{rel}","templated":true}]}}