{"id":3393,"date":"2023-12-05T12:54:52","date_gmt":"2023-12-05T12:54:52","guid":{"rendered":"https:\/\/ktspeople.com\/?page_id=3393"},"modified":"2023-12-05T13:56:16","modified_gmt":"2023-12-05T13:56:16","slug":"impressum","status":"publish","type":"page","link":"https:\/\/ktspeople.com\/de\/impressum\/","title":{"rendered":"Impressum"},"content":{"rendered":"\n<h1 class=\"wp-block-heading\">Impressum<\/h1>\n\n\n\n<h2 class=\"wp-block-heading\">Angaben:<\/h2>\n\n\n\n<p>KTS PEOPLE EESTI O\u00dc<br>Aiandi tee 21, Viimsi vald<br>Harjumaa 74001<br>Estland<\/p>\n\n\n\n<h2 class=\"wp-block-heading\">Vertreten durch:<\/h2>\n\n\n\n<p>Toomas Tohver (Gesch\u00e4ftsf\u00fchrer)<\/p>\n\n\n\n<h2 class=\"wp-block-heading\">Kontakt:<\/h2>\n\n\n\n<p>Telefon: +372 5663 4351 (EST\/ENG\/NO\/RUS)<br>E-Mail: info@ktspeople.com<\/p>\n\n\n\n<h2 class=\"wp-block-heading\">Registereintrag:<\/h2>\n\n\n\n<p>Eingetragen im Unternehmensregister der Republik Estland.<br>Registernummer: 14833376<\/p>\n\n\n\n<h2 class=\"wp-block-heading\">Umsatzsteuer:<\/h2>\n\n\n\n<p>Umsatzsteuer-Identifikationsnummer: EE102401808<\/p>\n\n\n\n<h2 class=\"wp-block-heading\">Streitschlichtung<\/h2>\n\n\n\n<p>Die Europ\u00e4ische Kommission stellt eine Plattform zur Online-Streitbeilegung (OS) bereit: https:\/\/ec.europa.eu\/consumers\/odr.<br>Unsere E-Mail-Adresse finden Sie oben im Impressum.<\/p>\n\n\n\n<p>Wir sind nicht bereit oder verpflichtet, an Streitbeilegungsverfahren vor einer Verbraucherschlichtungsstelle teilzunehmen.<\/p>\n\n\n\n<h2 class=\"wp-block-heading\">Haftung f\u00fcr Inhalte<\/h2>\n\n\n\n<p>Als Diensteanbieter sind wir gem\u00e4\u00df \u00a7 7 Abs.1 TMG f\u00fcr eigene Inhalte auf diesen Seiten nach den allgemeinen Gesetzen verantwortlich. Nach \u00a7\u00a7 8 bis 10 TMG sind wir als Diensteanbieter jedoch nicht verpflichtet, \u00fcbermittelte oder gespeicherte fremde Informationen zu \u00fcberwachen oder nach Umst\u00e4nden zu forschen, die auf eine rechtswidrige T\u00e4tigkeit hinweisen.<\/p>\n\n\n\n<p>Verpflichtungen zur Entfernung oder Sperrung der Nutzung von Informationen nach den allgemeinen Gesetzen bleiben hiervon unber\u00fchrt. Eine diesbez\u00fcgliche Haftung ist jedoch erst ab dem Zeitpunkt der Kenntnis einer konkreten Rechtsverletzung m\u00f6glich. Bei Bekanntwerden von entsprechenden Rechtsverletzungen werden wir diese Inhalte umgehend entfernen.<\/p>\n\n\n\n<h2 class=\"wp-block-heading\">Haftung f\u00fcr Links<\/h2>\n\n\n\n<p>Unser Angebot enth\u00e4lt Links zu externen Websites Dritter, auf deren Inhalte wir keinen Einfluss haben. Deshalb k\u00f6nnen wir f\u00fcr diese fremden Inhalte auch keine Gew\u00e4hr \u00fcbernehmen. F\u00fcr die Inhalte der verlinkten Seiten ist stets der jeweilige Anbieter oder Betreiber der Seiten verantwortlich. Die verlinkten Seiten wurden zum Zeitpunkt der Verlinkung auf m\u00f6gliche Rechtsverst\u00f6\u00dfe \u00fcberpr\u00fcft. Rechtswidrige Inhalte waren zum Zeitpunkt der Verlinkung nicht erkennbar.<\/p>\n\n\n\n<p>Eine permanente inhaltliche Kontrolle der verlinkten Seiten ist jedoch ohne konkrete Anhaltspunkte einer Rechtsverletzung nicht zumutbar. Bei Bekanntwerden von Rechtsverletzungen werden wir derartige Links umgehend entfernen.<\/p>\n","protected":false},"excerpt":{"rendered":"<p>Impressum Angaben: KTS PEOPLE EESTI O\u00dcAiandi tee 21, Viimsi valdHarjumaa 74001Estland Vertreten durch: Toomas Tohver (Gesch\u00e4ftsf\u00fchrer) Kontakt: Telefon: +372 5663 4351 (EST\/ENG\/NO\/RUS)E-Mail: info@ktspeople.com Registereintrag: Eingetragen im Unternehmensregister der Republik Estland.Registernummer: 14833376 Umsatzsteuer: Umsatzsteuer-Identifikationsnummer: EE102401808 Streitschlichtung Die Europ\u00e4ische Kommission stellt eine Plattform zur Online-Streitbeilegung (OS) bereit: https:\/\/ec.europa.eu\/consumers\/odr.Unsere E-Mail-Adresse finden Sie oben im Impressum. Wir sind nicht [&hellip;]<\/p>\n","protected":false},"author":1,"featured_media":0,"parent":0,"menu_order":0,"comment_status":"closed","ping_status":"closed","template":"","meta":{"_acf_changed":false,"footnotes":""},"categories":[],"tags":[],"class_list":["post-3393","page","type-page","status-publish","hentry"],"acf":[],"_links":{"self":[{"href":"https:\/\/ktspeople.com\/de\/wp-json\/wp\/v2\/pages\/3393","targetHints":{"allow":["GET"]}}],"collection":[{"href":"https:\/\/ktspeople.com\/de\/wp-json\/wp\/v2\/pages"}],"about":[{"href":"https:\/\/ktspeople.com\/de\/wp-json\/wp\/v2\/types\/page"}],"author":[{"embeddable":true,"href":"https:\/\/ktspeople.com\/de\/wp-json\/wp\/v2\/users\/1"}],"replies":[{"embeddable":true,"href":"https:\/\/ktspeople.com\/de\/wp-json\/wp\/v2\/comments?post=3393"}],"version-history":[{"count":5,"href":"https:\/\/ktspeople.com\/de\/wp-json\/wp\/v2\/pages\/3393\/revisions"}],"predecessor-version":[{"id":3417,"href":"https:\/\/ktspeople.com\/de\/wp-json\/wp\/v2\/pages\/3393\/revisions\/3417"}],"wp:attachment":[{"href":"https:\/\/ktspeople.com\/de\/wp-json\/wp\/v2\/media?parent=3393"}],"wp:term":[{"taxonomy":"category","embeddable":true,"href":"https:\/\/ktspeople.com\/de\/wp-json\/wp\/v2\/categories?post=3393"},{"taxonomy":"post_tag","embeddable":true,"href":"https:\/\/ktspeople.com\/de\/wp-json\/wp\/v2\/tags?post=3393"}],"curies":[{"name":"wp","href":"https:\/\/api.w.org\/{rel}","templated":true}]}}