{"id":2870,"date":"2023-10-13T10:01:39","date_gmt":"2023-10-13T10:01:39","guid":{"rendered":"https:\/\/ktspeople.com\/?page_id=2870"},"modified":"2024-04-03T07:53:15","modified_gmt":"2024-04-03T07:53:15","slug":"sahkotyot","status":"publish","type":"page","link":"https:\/\/ktspeople.com\/fi\/palvelut\/sahkotyot\/","title":{"rendered":"S\u00e4hk\u00f6ty\u00f6t"},"content":{"rendered":"\n<ul class=\"wp-block-list\">\n<li>Suunnittelu<\/li>\n\n\n\n<li>Asennus<\/li>\n\n\n\n<li>Heikkovirtaj\u00e4rjestelm\u00e4t<\/li>\n\n\n\n<li>Viestiliikenne \/ vartiointi \/ ovipuhelin \/ video<\/li>\n\n\n\n<li>Automaattiset paloilmoitinj\u00e4rjestelm\u00e4t \/ \u00e4lytalo<\/li>\n\n\n\n<li>S\u00e4hk\u00f6asennus<\/li>\n\n\n\n<li>Materiaalien tilaaminen<\/li>\n<\/ul>\n","protected":false},"excerpt":{"rendered":"","protected":false},"author":1,"featured_media":2872,"parent":2859,"menu_order":2,"comment_status":"closed","ping_status":"closed","template":"","meta":{"_acf_changed":false,"footnotes":""},"categories":[],"tags":[42],"class_list":["post-2870","page","type-page","status-publish","has-post-thumbnail","hentry","tag-sahkotyot"],"acf":[],"_links":{"self":[{"href":"https:\/\/ktspeople.com\/fi\/wp-json\/wp\/v2\/pages\/2870","targetHints":{"allow":["GET"]}}],"collection":[{"href":"https:\/\/ktspeople.com\/fi\/wp-json\/wp\/v2\/pages"}],"about":[{"href":"https:\/\/ktspeople.com\/fi\/wp-json\/wp\/v2\/types\/page"}],"author":[{"embeddable":true,"href":"https:\/\/ktspeople.com\/fi\/wp-json\/wp\/v2\/users\/1"}],"replies":[{"embeddable":true,"href":"https:\/\/ktspeople.com\/fi\/wp-json\/wp\/v2\/comments?post=2870"}],"version-history":[{"count":3,"href":"https:\/\/ktspeople.com\/fi\/wp-json\/wp\/v2\/pages\/2870\/revisions"}],"predecessor-version":[{"id":3690,"href":"https:\/\/ktspeople.com\/fi\/wp-json\/wp\/v2\/pages\/2870\/revisions\/3690"}],"up":[{"embeddable":true,"href":"https:\/\/ktspeople.com\/fi\/wp-json\/wp\/v2\/pages\/2859"}],"wp:featuredmedia":[{"embeddable":true,"href":"https:\/\/ktspeople.com\/fi\/wp-json\/wp\/v2\/media\/2872"}],"wp:attachment":[{"href":"https:\/\/ktspeople.com\/fi\/wp-json\/wp\/v2\/media?parent=2870"}],"wp:term":[{"taxonomy":"category","embeddable":true,"href":"https:\/\/ktspeople.com\/fi\/wp-json\/wp\/v2\/categories?post=2870"},{"taxonomy":"post_tag","embeddable":true,"href":"https:\/\/ktspeople.com\/fi\/wp-json\/wp\/v2\/tags?post=2870"}],"curies":[{"name":"wp","href":"https:\/\/api.w.org\/{rel}","templated":true}]}}