{"id":2886,"date":"2023-10-13T10:03:09","date_gmt":"2023-10-13T10:03:09","guid":{"rendered":"https:\/\/ktspeople.com\/?page_id=2886"},"modified":"2024-04-03T07:52:20","modified_gmt":"2024-04-03T07:52:20","slug":"elektroniikkatilaukset","status":"publish","type":"page","link":"https:\/\/ktspeople.com\/fi\/palvelut\/elektroniikkatilaukset\/","title":{"rendered":"Elektroniikkatilaukset"},"content":{"rendered":"\n<ul class=\"wp-block-list\">\n<li>Teollisuus<\/li>\n\n\n\n<li>Rakennusteknologia<\/li>\n\n\n\n<li>Kuljetus<\/li>\n\n\n\n<li>Mittaus- ja johtamisteknologia<\/li>\n\n\n\n<li>CleanTech<\/li>\n\n\n\n<li>L\u00e4\u00e4kint\u00e4teknologia<\/li>\n\n\n\n<li>Korkean teknologian kuluttaja<\/li>\n<\/ul>\n","protected":false},"excerpt":{"rendered":"","protected":false},"author":1,"featured_media":2888,"parent":2859,"menu_order":4,"comment_status":"closed","ping_status":"closed","template":"","meta":{"_acf_changed":false,"footnotes":""},"categories":[],"tags":[44],"class_list":["post-2886","page","type-page","status-publish","has-post-thumbnail","hentry","tag-elektroniikkatyot"],"acf":[],"_links":{"self":[{"href":"https:\/\/ktspeople.com\/fi\/wp-json\/wp\/v2\/pages\/2886","targetHints":{"allow":["GET"]}}],"collection":[{"href":"https:\/\/ktspeople.com\/fi\/wp-json\/wp\/v2\/pages"}],"about":[{"href":"https:\/\/ktspeople.com\/fi\/wp-json\/wp\/v2\/types\/page"}],"author":[{"embeddable":true,"href":"https:\/\/ktspeople.com\/fi\/wp-json\/wp\/v2\/users\/1"}],"replies":[{"embeddable":true,"href":"https:\/\/ktspeople.com\/fi\/wp-json\/wp\/v2\/comments?post=2886"}],"version-history":[{"count":4,"href":"https:\/\/ktspeople.com\/fi\/wp-json\/wp\/v2\/pages\/2886\/revisions"}],"predecessor-version":[{"id":3688,"href":"https:\/\/ktspeople.com\/fi\/wp-json\/wp\/v2\/pages\/2886\/revisions\/3688"}],"up":[{"embeddable":true,"href":"https:\/\/ktspeople.com\/fi\/wp-json\/wp\/v2\/pages\/2859"}],"wp:featuredmedia":[{"embeddable":true,"href":"https:\/\/ktspeople.com\/fi\/wp-json\/wp\/v2\/media\/2888"}],"wp:attachment":[{"href":"https:\/\/ktspeople.com\/fi\/wp-json\/wp\/v2\/media?parent=2886"}],"wp:term":[{"taxonomy":"category","embeddable":true,"href":"https:\/\/ktspeople.com\/fi\/wp-json\/wp\/v2\/categories?post=2886"},{"taxonomy":"post_tag","embeddable":true,"href":"https:\/\/ktspeople.com\/fi\/wp-json\/wp\/v2\/tags?post=2886"}],"curies":[{"name":"wp","href":"https:\/\/api.w.org\/{rel}","templated":true}]}}