{"id":3410,"date":"2023-12-05T12:54:52","date_gmt":"2023-12-05T12:54:52","guid":{"rendered":"https:\/\/ktspeople.com\/?page_id=3410"},"modified":"2023-12-05T13:49:26","modified_gmt":"2023-12-05T13:49:26","slug":"impressum","status":"publish","type":"page","link":"https:\/\/ktspeople.com\/fi\/impressum\/","title":{"rendered":"Impressum"},"content":{"rendered":"\n<h2 class=\"wp-block-heading\">Yrityksen tiedot:<\/h2>\n\n\n\n<p>KTS PEOPLE EESTI O\u00dc<br>Aiandi tee 21, Viimsi vald<br>Harjumaa 74001<br>Viro<\/p>\n\n\n\n<h2 class=\"wp-block-heading\">Edustajat:<\/h2>\n\n\n\n<p>Toomas Tohver (toimitusjohtaja)<\/p>\n\n\n\n<h2 class=\"wp-block-heading\">Ottaa yhteytt\u00e4:<\/h2>\n\n\n\n<p>Puhelin: +372 5663 4351 (EST\/ENG\/NO\/RUS)<br>S\u00e4hk\u00f6posti: info@ktspeople.com<\/p>\n\n\n\n<h2 class=\"wp-block-heading\">Rekister\u00f6ityminen:<\/h2>\n\n\n\n<p>Rekister\u00f6ity Viron tasavallan yritysrekisteriin.<br>Rekister\u00f6intinumero: 14833376<\/p>\n\n\n\n<h2 class=\"wp-block-heading\">Arvonlis\u00e4vero:<\/h2>\n\n\n\n<p>ALV-numero: EE102401808<\/p>\n\n\n\n<h2 class=\"wp-block-heading\">Argumenttien ratkaiseminen<\/h2>\n\n\n\n<p>Euroopan komissio tarjoaa online-riitojenratkaisualustan: https:\/\/ec.europa.eu\/consumers\/odr. S\u00e4hk\u00f6postiosoitteemme l\u00f6ytyy yll\u00e4 olevasta oikeudellisesta huomautuksesta. Emme ole halukkaita emmek\u00e4 velvollisia osallistumaan riidanratkaisumenettelyihin kuluttajan v\u00e4limiesmenettelyss\u00e4.<\/p>\n\n\n\n<h2 class=\"wp-block-heading\">Vastuu sis\u00e4ll\u00f6st\u00e4<\/h2>\n\n\n\n<p>Palveluntarjoajana vastaamme n\u00e4iden sivujen sis\u00e4ll\u00f6st\u00e4 yleisen lain mukaisesti Saksan TMG:n pyk\u00e4l\u00e4n 7 pyk\u00e4l\u00e4n 1 mukaisesti. TMG:n pyk\u00e4lien 8-10 mukaan emme kuitenkaan ole palveluntarjoajana. velvollinen valvomaan siirretty\u00e4 tai tallennettua kolmannen osapuolen tietoja tai tutkimaan olosuhteita, jotka viittaavat laittomaan toimintaan.<\/p>\n\n\n\n<p>Yleisen lain mukaiset tiedonpoisto- tai k\u00e4yt\u00f6n estovelvoitteet s\u00e4ilyv\u00e4t ennallaan. Vastuu t\u00e4lt\u00e4 osin on kuitenkin mahdollinen vasta siit\u00e4 hetkest\u00e4 l\u00e4htien, kun tietyst\u00e4 lainrikkomuksesta saa tiet\u00e4\u00e4. Jos saamme tietoomme asiaankuuluvia lakirikkomuksia, poistamme t\u00e4m\u00e4n sis\u00e4ll\u00f6n v\u00e4litt\u00f6m\u00e4sti.<\/p>\n\n\n\n<h2 class=\"wp-block-heading\">Vastuu linkeist\u00e4<\/h2>\n\n\n\n<p>Tarjouksemme sis\u00e4lt\u00e4\u00e4 linkkej\u00e4 ulkoisille kolmansien osapuolien verkkosivustoille, joiden sis\u00e4lt\u00f6\u00f6n emme voi vaikuttaa. Siksi emme voi olla vastuussa sen ulkoisesta sis\u00e4ll\u00f6st\u00e4. Sivujen toimittaja tai yll\u00e4pit\u00e4j\u00e4 on aina vastuussa linkitettyjen sivujen sis\u00e4ll\u00f6st\u00e4. Linkitetyt sivut tarkastettiin linkitt\u00e4misen yhteydess\u00e4 mahdollisten rikkomusten varalta. Laitonta sis\u00e4lt\u00f6\u00e4 ei n\u00e4kynyt linkityksen aikana.<\/p>\n\n\n\n<p>Linkitettyjen sivujen sis\u00e4ll\u00f6n jatkuva seuranta on kuitenkin kohtuutonta, jos rikkomisesta ei ole konkreettista n\u00e4ytt\u00f6\u00e4. Jos saamme tietoomme lain rikkomisesta, poistamme t\u00e4llaiset linkit v\u00e4litt\u00f6m\u00e4sti.<\/p>\n","protected":false},"excerpt":{"rendered":"<p>Yrityksen tiedot: KTS PEOPLE EESTI O\u00dcAiandi tee 21, Viimsi valdHarjumaa 74001Viro Edustajat: Toomas Tohver (toimitusjohtaja) Ottaa yhteytt\u00e4: Puhelin: +372 5663 4351 (EST\/ENG\/NO\/RUS)S\u00e4hk\u00f6posti: info@ktspeople.com Rekister\u00f6ityminen: Rekister\u00f6ity Viron tasavallan yritysrekisteriin.Rekister\u00f6intinumero: 14833376 Arvonlis\u00e4vero: ALV-numero: EE102401808 Argumenttien ratkaiseminen Euroopan komissio tarjoaa online-riitojenratkaisualustan: https:\/\/ec.europa.eu\/consumers\/odr. S\u00e4hk\u00f6postiosoitteemme l\u00f6ytyy yll\u00e4 olevasta oikeudellisesta huomautuksesta. Emme ole halukkaita emmek\u00e4 velvollisia osallistumaan riidanratkaisumenettelyihin kuluttajan v\u00e4limiesmenettelyss\u00e4. Vastuu [&hellip;]<\/p>\n","protected":false},"author":1,"featured_media":0,"parent":0,"menu_order":0,"comment_status":"closed","ping_status":"closed","template":"","meta":{"_acf_changed":false,"footnotes":""},"categories":[],"tags":[],"class_list":["post-3410","page","type-page","status-publish","hentry"],"acf":[],"_links":{"self":[{"href":"https:\/\/ktspeople.com\/fi\/wp-json\/wp\/v2\/pages\/3410","targetHints":{"allow":["GET"]}}],"collection":[{"href":"https:\/\/ktspeople.com\/fi\/wp-json\/wp\/v2\/pages"}],"about":[{"href":"https:\/\/ktspeople.com\/fi\/wp-json\/wp\/v2\/types\/page"}],"author":[{"embeddable":true,"href":"https:\/\/ktspeople.com\/fi\/wp-json\/wp\/v2\/users\/1"}],"replies":[{"embeddable":true,"href":"https:\/\/ktspeople.com\/fi\/wp-json\/wp\/v2\/comments?post=3410"}],"version-history":[{"count":1,"href":"https:\/\/ktspeople.com\/fi\/wp-json\/wp\/v2\/pages\/3410\/revisions"}],"predecessor-version":[{"id":3411,"href":"https:\/\/ktspeople.com\/fi\/wp-json\/wp\/v2\/pages\/3410\/revisions\/3411"}],"wp:attachment":[{"href":"https:\/\/ktspeople.com\/fi\/wp-json\/wp\/v2\/media?parent=3410"}],"wp:term":[{"taxonomy":"category","embeddable":true,"href":"https:\/\/ktspeople.com\/fi\/wp-json\/wp\/v2\/categories?post=3410"},{"taxonomy":"post_tag","embeddable":true,"href":"https:\/\/ktspeople.com\/fi\/wp-json\/wp\/v2\/tags?post=3410"}],"curies":[{"name":"wp","href":"https:\/\/api.w.org\/{rel}","templated":true}]}}