{"id":3412,"date":"2023-12-05T12:54:52","date_gmt":"2023-12-05T12:54:52","guid":{"rendered":"https:\/\/ktspeople.com\/?page_id=3412"},"modified":"2023-12-05T13:51:01","modified_gmt":"2023-12-05T13:51:01","slug":"impressum","status":"publish","type":"page","link":"https:\/\/ktspeople.com\/no\/impressum\/","title":{"rendered":"Impressum"},"content":{"rendered":"\n<h2 class=\"wp-block-heading\">Forretningsinformasjon:<\/h2>\n\n\n\n<p>KTS PEOPLE EESTI O\u00dc<br>Aiandi tee 21, Viimsi vald<br>Harjumaa 74001<br>Estland<\/p>\n\n\n\n<h2 class=\"wp-block-heading\">Representanter:<\/h2>\n\n\n\n<p>Toomas Tohver (administrerende direkt\u00f8r)<\/p>\n\n\n\n<h2 class=\"wp-block-heading\">Kontakt:<\/h2>\n\n\n\n<p>Telefon: +372 5663 4351 (EST\/ENG\/NO\/RUS)<br>E-post: info@ktspeople.com<\/p>\n\n\n\n<h2 class=\"wp-block-heading\">Registrer oppf\u00f8ring:<\/h2>\n\n\n\n<p>Registrert i bedriftsregisteret i Republikken Estland.<br>Registreringsnummer: 14833376<\/p>\n\n\n\n<h2 class=\"wp-block-heading\">MVA:<\/h2>\n\n\n\n<p>MVA-nummer: EE102401808<\/p>\n\n\n\n<h2 class=\"wp-block-heading\">L\u00f8se argumenter<\/h2>\n\n\n\n<p>EU-kommisjonen tilbyr en nettbasert tvistel\u00f8sningsplattform: https:\/\/ec.europa.eu\/consumers\/odr. E-postadressen v\u00e5r finner du i den juridiske merknaden ovenfor. Vi er verken villige eller forpliktet til \u00e5 delta i tvistel\u00f8sningssaker i forbrukervoldgift.<\/p>\n\n\n\n<h2 class=\"wp-block-heading\">Ansvar for innhold<\/h2>\n\n\n\n<p>Som tjenesteleverand\u00f8r er vi ansvarlige for innholdet v\u00e5rt p\u00e5 disse sidene i henhold til alminnelig lov i henhold til den tyske TMG \u00a7 7 paragraf 1. I henhold til \u00a7\u00a7 8 til 10 i TMG er vi som tjenesteleverand\u00f8r imidlertid ikke forpliktet til \u00e5 overv\u00e5ke overf\u00f8rt eller lagret tredjepartsinformasjon eller \u00e5 unders\u00f8ke forhold som indikerer ulovlig aktivitet.<\/p>\n\n\n\n<p>Forpliktelser til \u00e5 fjerne informasjon eller blokkere bruk i henhold til alminnelig lov forblir uendret. Imidlertid er ansvar i denne forbindelse bare mulig fra det \u00f8yeblikket man l\u00e6rer om et spesifikt lovbrudd. Hvis vi blir oppmerksomme p\u00e5 relevante juridiske brudd, vil vi fjerne dette innholdet umiddelbart.<\/p>\n\n\n\n<h2 class=\"wp-block-heading\">Ansvar for lenker<\/h2>\n\n\n\n<p>V\u00e5rt tilbud inneholder lenker til eksterne tredjeparts nettsteder, hvis innhold vi ikke kan p\u00e5virke. Derfor kan vi ikke holdes ansvarlige for det eksterne innholdet. Den respektive leverand\u00f8ren eller operat\u00f8ren av sidene er alltid ansvarlig for innholdet p\u00e5 de lenkede sidene. Linkede sider ble sjekket for mulige brudd p\u00e5 koblingstidspunktet. Ulovlig innhold var ikke synlig p\u00e5 tidspunktet for koblingen.<\/p>\n\n\n\n<p>Konstant overv\u00e5king av innholdet p\u00e5 lenkede sider er imidlertid urimelig i mangel av konkrete bevis p\u00e5 brudd. Hvis vi blir oppmerksomme p\u00e5 brudd p\u00e5 loven, vil vi fjerne slike lenker umiddelbart.<\/p>\n","protected":false},"excerpt":{"rendered":"<p>Forretningsinformasjon: KTS PEOPLE EESTI O\u00dcAiandi tee 21, Viimsi valdHarjumaa 74001Estland Representanter: Toomas Tohver (administrerende direkt\u00f8r) Kontakt: Telefon: +372 5663 4351 (EST\/ENG\/NO\/RUS)E-post: info@ktspeople.com Registrer oppf\u00f8ring: Registrert i bedriftsregisteret i Republikken Estland.Registreringsnummer: 14833376 MVA: MVA-nummer: EE102401808 L\u00f8se argumenter EU-kommisjonen tilbyr en nettbasert tvistel\u00f8sningsplattform: https:\/\/ec.europa.eu\/consumers\/odr. E-postadressen v\u00e5r finner du i den juridiske merknaden ovenfor. Vi er verken villige [&hellip;]<\/p>\n","protected":false},"author":1,"featured_media":0,"parent":0,"menu_order":0,"comment_status":"closed","ping_status":"closed","template":"","meta":{"_acf_changed":false,"footnotes":""},"categories":[],"tags":[],"class_list":["post-3412","page","type-page","status-publish","hentry"],"acf":[],"_links":{"self":[{"href":"https:\/\/ktspeople.com\/no\/wp-json\/wp\/v2\/pages\/3412","targetHints":{"allow":["GET"]}}],"collection":[{"href":"https:\/\/ktspeople.com\/no\/wp-json\/wp\/v2\/pages"}],"about":[{"href":"https:\/\/ktspeople.com\/no\/wp-json\/wp\/v2\/types\/page"}],"author":[{"embeddable":true,"href":"https:\/\/ktspeople.com\/no\/wp-json\/wp\/v2\/users\/1"}],"replies":[{"embeddable":true,"href":"https:\/\/ktspeople.com\/no\/wp-json\/wp\/v2\/comments?post=3412"}],"version-history":[{"count":1,"href":"https:\/\/ktspeople.com\/no\/wp-json\/wp\/v2\/pages\/3412\/revisions"}],"predecessor-version":[{"id":3413,"href":"https:\/\/ktspeople.com\/no\/wp-json\/wp\/v2\/pages\/3412\/revisions\/3413"}],"wp:attachment":[{"href":"https:\/\/ktspeople.com\/no\/wp-json\/wp\/v2\/media?parent=3412"}],"wp:term":[{"taxonomy":"category","embeddable":true,"href":"https:\/\/ktspeople.com\/no\/wp-json\/wp\/v2\/categories?post=3412"},{"taxonomy":"post_tag","embeddable":true,"href":"https:\/\/ktspeople.com\/no\/wp-json\/wp\/v2\/tags?post=3412"}],"curies":[{"name":"wp","href":"https:\/\/api.w.org\/{rel}","templated":true}]}}