{"id":3425,"date":"2023-10-19T15:38:23","date_gmt":"2023-10-19T15:38:23","guid":{"rendered":"https:\/\/ktspeople.com\/?page_id=3425"},"modified":"2023-12-07T12:12:40","modified_gmt":"2023-12-07T12:12:40","slug":"kom-pa-jobb-for-oss","status":"publish","type":"page","link":"https:\/\/ktspeople.com\/no\/kom-pa-jobb-for-oss\/","title":{"rendered":"Kom p\u00e5 jobb for oss"},"content":{"rendered":"\t\t<div data-elementor-type=\"wp-page\" data-elementor-id=\"3425\" class=\"elementor elementor-3425 elementor-1101\" data-elementor-post-type=\"page\">\n\t\t\t\t<div class=\"elementor-element elementor-element-98417b2 e-flex e-con-boxed e-con e-parent\" data-id=\"98417b2\" data-element_type=\"container\" data-e-type=\"container\">\n\t\t\t\t\t<div class=\"e-con-inner\">\n\t\t<div class=\"elementor-element elementor-element-3c4ee2a e-con-full e-flex e-con e-child\" data-id=\"3c4ee2a\" data-element_type=\"container\" data-e-type=\"container\">\n\t\t\t\t<div class=\"elementor-element elementor-element-2559b7b elementor-widget elementor-widget-heading\" data-id=\"2559b7b\" data-element_type=\"widget\" data-e-type=\"widget\" data-widget_type=\"heading.default\">\n\t\t\t\t<div class=\"elementor-widget-container\">\n\t\t\t\t\t<h1 class=\"elementor-heading-title elementor-size-default\">Kom p\u00e5 jobb for oss<\/h1>\t\t\t\t<\/div>\n\t\t\t\t<\/div>\n\t\t\t\t<div class=\"elementor-element elementor-element-b33d151 elementor-widget elementor-widget-text-editor\" data-id=\"b33d151\" data-element_type=\"widget\" data-e-type=\"widget\" data-widget_type=\"text-editor.default\">\n\t\t\t\t<div class=\"elementor-widget-container\">\n\t\t\t\t\t\t\t\t\t<p>Er du arbeidsom og pliktoppfyllende, p\u00e5 jakt etter en stabil inntekt og ulike utfordringer og spennende eventyr? KTS People Eesti O\u00dc tilbyr deg muligheten til \u00e5 jobbe som vikar i Estland og andre steder i Europa.<\/p>\n<p>Hvis du er spesialist p\u00e5 ditt felt eller en erfaren arbeider innen feltene og kategoriene som er oppf\u00f8rt nedenfor, send oss \u200b\u200bdin CV via kontaktskjemaet, s\u00e5 kontakter vi deg snart.<\/p>\n\t\t\t\t\t\t\t\t<\/div>\n\t\t\t\t<\/div>\n\t\t\t\t<div class=\"elementor-element elementor-element-8fa997c elementor-widget elementor-widget-heading\" data-id=\"8fa997c\" data-element_type=\"widget\" data-e-type=\"widget\" data-widget_type=\"heading.default\">\n\t\t\t\t<div class=\"elementor-widget-container\">\n\t\t\t\t\t<h2 class=\"elementor-heading-title elementor-size-medium\">Vi s\u00f8ker medarbeidere og spesialister innen f\u00f8lgende felt:<\/h2>\t\t\t\t<\/div>\n\t\t\t\t<\/div>\n\t\t\t\t<div class=\"elementor-element elementor-element-e0693d3 elementor-widget elementor-widget-text-editor\" data-id=\"e0693d3\" data-element_type=\"widget\" data-e-type=\"widget\" data-widget_type=\"text-editor.default\">\n\t\t\t\t<div class=\"elementor-widget-container\">\n\t\t\t\t\t\t\t\t\t<ul>\n<li>Sveisere og sammenstillingsspesialister<\/li>\n<li>Cnc-operat\u00f8rer<\/li>\n<li>Installat\u00f8rer av solcellepaneler<\/li>\n<li>Elektrikere<\/li>\n<li>Stillasinstallat\u00f8rer<\/li>\n<li>Betongleggere<\/li>\n<li>Bussj\u00e5f\u00f8rer<\/li>\n<\/ul>\n\t\t\t\t\t\t\t\t<\/div>\n\t\t\t\t<\/div>\n\t\t\t\t<\/div>\n\t\t<div class=\"elementor-element elementor-element-5bf866e e-con-full e-flex e-con e-child\" data-id=\"5bf866e\" data-element_type=\"container\" data-e-type=\"container\" data-settings=\"{&quot;background_background&quot;:&quot;classic&quot;}\">\n\t\t\t\t<div class=\"elementor-element elementor-element-d42e5ad elementor-widget elementor-widget-wpforms\" data-id=\"d42e5ad\" data-element_type=\"widget\" data-e-type=\"widget\" data-widget_type=\"wpforms.default\">\n\t\t\t\t<div class=\"elementor-widget-container\">\n\t\t\t\t\t<style id=\"wpforms-css-vars-root\">\r\n\t\t\t\t:root {\r\n\t\t\t\t\t--wpforms-field-border-radius: 3px;\n--wpforms-field-background-color: #ffffff;\n--wpforms-field-border-color: rgba( 0, 0, 0, 0.25 );\n--wpforms-field-text-color: rgba( 0, 0, 0, 0.7 );\n--wpforms-label-color: rgba( 0, 0, 0, 0.85 );\n--wpforms-label-sublabel-color: rgba( 0, 0, 0, 0.55 );\n--wpforms-label-error-color: #d63637;\n--wpforms-button-border-radius: 3px;\n--wpforms-button-background-color: #066aab;\n--wpforms-button-text-color: #ffffff;\n--wpforms-field-size-input-height: 43px;\n--wpforms-field-size-input-spacing: 15px;\n--wpforms-field-size-font-size: 16px;\n--wpforms-field-size-line-height: 19px;\n--wpforms-field-size-padding-h: 14px;\n--wpforms-field-size-checkbox-size: 16px;\n--wpforms-field-size-sublabel-spacing: 5px;\n--wpforms-field-size-icon-size: 1;\n--wpforms-label-size-font-size: 16px;\n--wpforms-label-size-line-height: 19px;\n--wpforms-label-size-sublabel-font-size: 14px;\n--wpforms-label-size-sublabel-line-height: 17px;\n--wpforms-button-size-font-size: 17px;\n--wpforms-button-size-height: 41px;\n--wpforms-button-size-padding-h: 15px;\n--wpforms-button-size-margin-top: 10px;\n\r\n\t\t\t\t}\r\n\t\t\t<\/style><style id=\"wpforms-css-vars-elementor-widget-d42e5ad\">\r\n\t\t\t\t.elementor-widget-wpforms.elementor-element-d42e5ad {\r\n\t\t\t\t\t--wpforms-field-border-radius: 24px;\n--wpforms-field-border-color: #005B8C;\n--wpforms-field-text-color: #202020;\n--wpforms-button-border-radius: 100px;\n--wpforms-button-background-color: #005B8C;\n--wpforms-field-size-input-height: 43px;\n--wpforms-field-size-input-spacing: 15px;\n--wpforms-field-size-font-size: 16px;\n--wpforms-field-size-line-height: 19px;\n--wpforms-field-size-padding-h: 14px;\n--wpforms-field-size-checkbox-size: 16px;\n--wpforms-field-size-sublabel-spacing: 5px;\n--wpforms-field-size-icon-size: 1;\n--wpforms-label-size-font-size: 16px;\n--wpforms-label-size-line-height: 19px;\n--wpforms-label-size-sublabel-font-size: 14px;\n--wpforms-label-size-sublabel-line-height: 17px;\n--wpforms-button-size-font-size: 17px;\n--wpforms-button-size-height: 41px;\n--wpforms-button-size-padding-h: 15px;\n--wpforms-button-size-margin-top: 10px;\n\r\n\t\t\t\t}\r\n\t\t\t<\/style><div class=\"wpforms-container wpforms-container-full wpforms-render-modern\" id=\"wpforms-1970\"><form id=\"wpforms-form-1970\" class=\"wpforms-validate wpforms-form wpforms-ajax-form\" data-formid=\"1970\" method=\"post\" enctype=\"multipart\/form-data\" action=\"\/no\/wp-json\/wp\/v2\/pages\/3425?wpforms_form_id=1970\" data-token=\"b3025544611e53a44fc058ff9db22c72\"><noscript class=\"wpforms-error-noscript\">Please enable JavaScript in your browser to complete this form.<\/noscript><div class=\"wpforms-hidden\" id=\"wpforms-error-noscript\">Please enable JavaScript in your browser to complete this form.<\/div><div class=\"wpforms-field-container\"><div id=\"wpforms-1970-field_1-container\" class=\"wpforms-field wpforms-field-name\" data-field-id=\"1\"><fieldset><legend class=\"wpforms-field-label\">Navn <span class=\"wpforms-required-label\" aria-hidden=\"true\">*<\/span><\/legend><div class=\"wpforms-field-row wpforms-field-large\"><div class=\"wpforms-field-row-block wpforms-first wpforms-one-half\"><input type=\"text\" id=\"wpforms-1970-field_1\" class=\"wpforms-field-name-first wpforms-field-required\" name=\"wpforms[fields][1][first]\" aria-errormessage=\"wpforms-1970-field_1-error\" required><label for=\"wpforms-1970-field_1\" class=\"wpforms-field-sublabel after \">First<\/label><\/div><div class=\"wpforms-field-row-block wpforms-one-half\"><input type=\"text\" id=\"wpforms-1970-field_1-last\" class=\"wpforms-field-name-last wpforms-field-required\" name=\"wpforms[fields][1][last]\" aria-errormessage=\"wpforms-1970-field_1-last-error\" required><label for=\"wpforms-1970-field_1-last\" class=\"wpforms-field-sublabel after \">Last<\/label><\/div><\/div><\/fieldset><\/div><div id=\"wpforms-1970-field_2-container\" class=\"wpforms-field wpforms-field-email\" data-field-id=\"2\"><label class=\"wpforms-field-label\" for=\"wpforms-1970-field_2\">E-post <span class=\"wpforms-required-label\" aria-hidden=\"true\">*<\/span><\/label><input type=\"email\" id=\"wpforms-1970-field_2\" class=\"wpforms-field-large wpforms-field-required\" name=\"wpforms[fields][2]\" spellcheck=\"false\" aria-errormessage=\"wpforms-1970-field_2-error\" required><\/div><div id=\"wpforms-1970-field_3-container\" class=\"wpforms-field wpforms-field-phone\" data-field-id=\"3\"><label class=\"wpforms-field-label\" for=\"wpforms-1970-field_3\">Telefonnummer <span class=\"wpforms-required-label\" aria-hidden=\"true\">*<\/span><\/label><input type=\"tel\" id=\"wpforms-1970-field_3\" class=\"wpforms-field-large wpforms-field-required wpforms-smart-phone-field\" data-rule-smart-phone-field=\"true\" name=\"wpforms[fields][3]\" aria-errormessage=\"wpforms-1970-field_3-error\" required><\/div><div id=\"wpforms-1970-field_4-container\" class=\"wpforms-field wpforms-field-file-upload\" data-field-id=\"4\"><label class=\"wpforms-field-label\" for=\"wpforms-1970-field_4\">Last opp din CV <span class=\"wpforms-required-label\" aria-hidden=\"true\">*<\/span><\/label><div\r\n\t\tclass=\"wpforms-uploader\"\r\n\t\tdata-field-id=\"4\"\r\n\t\tdata-form-id=\"1970\"\r\n\t\tdata-input-name=\"wpforms_1970_4\"\r\n\t\tdata-extensions=\"pdf,docx,doc,odt\"\r\n\t\tdata-max-size=\"10485760\"\r\n\t\tdata-max-file-number=\"3\"\r\n\t\tdata-post-max-size=\"2147483648\"\r\n\t\tdata-max-parallel-uploads=\"4\"\r\n\t\tdata-parallel-uploads=\"true\"\r\n\t\tdata-file-chunk-size=\"2097152\">\r\n\t<div class=\"dz-message\">\r\n\t\t<svg viewBox=\"0 0 1024 1024\" focusable=\"false\" data-icon=\"inbox\" width=\"50px\" height=\"50px\" fill=\"currentColor\" aria-hidden=\"true\">\r\n\t\t\t<path d=\"M885.2 446.3l-.2-.8-112.2-285.1c-5-16.1-19.9-27.2-36.8-27.2H281.2c-17 0-32.1 11.3-36.9 27.6L139.4 443l-.3.7-.2.8c-1.3 4.9-1.7 9.9-1 14.8-.1 1.6-.2 3.2-.2 4.8V830a60.9 60.9 0 0 0 60.8 60.8h627.2c33.5 0 60.8-27.3 60.9-60.8V464.1c0-1.3 0-2.6-.1-3.7.4-4.9 0-9.6-1.3-14.1zm-295.8-43l-.3 15.7c-.8 44.9-31.8 75.1-77.1 75.1-22.1 0-41.1-7.1-54.8-20.6S436 441.2 435.6 419l-.3-15.7H229.5L309 210h399.2l81.7 193.3H589.4zm-375 76.8h157.3c24.3 57.1 76 90.8 140.4 90.8 33.7 0 65-9.4 90.3-27.2 22.2-15.6 39.5-37.4 50.7-63.6h156.5V814H214.4V480.1z\"><\/path>\r\n\t\t<\/svg>\r\n\t\t<span class=\"modern-title\">Click or drag files to this area to upload.<\/span>\r\n\r\n\t\t\t\t\t<span class=\"modern-hint\">You can upload up to 3 files.<\/span>\r\n\t\t\t<\/div>\r\n<\/div>\r\n<input\r\n\t\ttype=\"text\"\r\n\t\tautocomplete=\"off\"\r\n\t\tclass=\"dropzone-input\"\r\n\t\tstyle=\"position:absolute!important;clip:rect(0,0,0,0)!important;height:1px!important;width:1px!important;border:0!important;overflow:hidden!important;padding:0!important;margin:0!important;\"\r\n\t\tid=\"wpforms-1970-field_4\"\r\n\t\tname=\"wpforms_1970_4\" required\t\tvalue=\"\">\r\n<div id=\"wpforms-1970-field_4-description\" class=\"wpforms-field-description\">Filer i formatene pdf, docx, doc, odt og asice er tillatt. Maksimal tillatt st\u00f8rrelse er 10 MB.<\/div><\/div><\/div><!-- .wpforms-field-container --><div class=\"wpforms-submit-container\" ><input type=\"hidden\" name=\"wpforms[id]\" value=\"1970\"><input type=\"hidden\" name=\"wpforms[author]\" value=\"1\"><button type=\"submit\" name=\"wpforms[submit]\" id=\"wpforms-submit-1970\" class=\"wpforms-submit\" data-alt-text=\"Sender...\" data-submit-text=\"Send CV\" aria-live=\"assertive\" value=\"wpforms-submit\">Send CV<\/button><img decoding=\"async\" src=\"https:\/\/ktspeople.com\/wp-content\/plugins\/wpforms-1.8.3.2\/assets\/images\/submit-spin.svg\" class=\"wpforms-submit-spinner\" style=\"display: none;\" width=\"26\" height=\"26\" alt=\"Loading\"><\/div><\/form><\/div>  <!-- .wpforms-container -->\t\t\t\t<\/div>\n\t\t\t\t<\/div>\n\t\t\t\t<\/div>\n\t\t\t\t\t<\/div>\n\t\t\t\t<\/div>\n\t\t\t\t<\/div>\n\t\t","protected":false},"excerpt":{"rendered":"<p>Er du arbeidsom og pliktoppfyllende, p\u00e5 jakt etter en stabil inntekt og ulike utfordringer og spennende eventyr? KTS People Eesti O\u00dc tilbyr deg muligheten til \u00e5 jobbe som vikar i Estland og andre steder i Europa. Hvis du er spesialist p\u00e5 ditt felt eller en erfaren arbeider innen feltene og kategoriene som er oppf\u00f8rt nedenfor, [&hellip;]<\/p>\n","protected":false},"author":1,"featured_media":1491,"parent":0,"menu_order":0,"comment_status":"closed","ping_status":"closed","template":"","meta":{"_acf_changed":false,"footnotes":""},"categories":[],"tags":[],"class_list":["post-3425","page","type-page","status-publish","has-post-thumbnail","hentry"],"acf":[],"_links":{"self":[{"href":"https:\/\/ktspeople.com\/no\/wp-json\/wp\/v2\/pages\/3425","targetHints":{"allow":["GET"]}}],"collection":[{"href":"https:\/\/ktspeople.com\/no\/wp-json\/wp\/v2\/pages"}],"about":[{"href":"https:\/\/ktspeople.com\/no\/wp-json\/wp\/v2\/types\/page"}],"author":[{"embeddable":true,"href":"https:\/\/ktspeople.com\/no\/wp-json\/wp\/v2\/users\/1"}],"replies":[{"embeddable":true,"href":"https:\/\/ktspeople.com\/no\/wp-json\/wp\/v2\/comments?post=3425"}],"version-history":[{"count":5,"href":"https:\/\/ktspeople.com\/no\/wp-json\/wp\/v2\/pages\/3425\/revisions"}],"predecessor-version":[{"id":3438,"href":"https:\/\/ktspeople.com\/no\/wp-json\/wp\/v2\/pages\/3425\/revisions\/3438"}],"wp:featuredmedia":[{"embeddable":true,"href":"https:\/\/ktspeople.com\/no\/wp-json\/wp\/v2\/media\/1491"}],"wp:attachment":[{"href":"https:\/\/ktspeople.com\/no\/wp-json\/wp\/v2\/media?parent=3425"}],"wp:term":[{"taxonomy":"category","embeddable":true,"href":"https:\/\/ktspeople.com\/no\/wp-json\/wp\/v2\/categories?post=3425"},{"taxonomy":"post_tag","embeddable":true,"href":"https:\/\/ktspeople.com\/no\/wp-json\/wp\/v2\/tags?post=3425"}],"curies":[{"name":"wp","href":"https:\/\/api.w.org\/{rel}","templated":true}]}}